{"id":105277,"date":"2023-09-28T11:28:45","date_gmt":"2023-09-28T09:28:45","guid":{"rendered":"https:\/\/qx1.org\/?page_id=105277"},"modified":"2025-02-24T15:06:56","modified_gmt":"2025-02-24T13:06:56","slug":"dons","status":"publish","type":"page","link":"https:\/\/qx1.org\/it\/dons\/","title":{"rendered":"Soutenez QX1 Welcome Map !"},"content":{"rendered":"\n<p>QX1 Welcome Map vit, depuis 2016, gr\u00e2ce au soutien de fondations et institutions publiques, aux recettes des \u00e9v\u00e9nements de soutien que nous organisons, mais aussi et surtout gr\u00e2ce \u00e0 l&#8217;implication de nos b\u00e9n\u00e9voles et des associations partenaires, qui nous aident \u00e0 garder \u00e0 jour et enrichir au quotidien notre plateforme.    <\/p>\n\n\n<div class=\"wp-block-image is-resized\">\n<figure class=\"aligncenter size-large\"><a href=\"https:\/\/www.helloasso.com\/associations\/qx1\/formulaires\/1\" target=\"_blank\" rel=\"noreferrer noopener\"><img loading=\"lazy\" decoding=\"async\" width=\"1024\" height=\"758\" src=\"https:\/\/qx1.org\/wp-content\/uploads\/2023\/09\/banner-dons-QX1-1-1024x758.png\" alt=\"\" class=\"wp-image-105282\" style=\"width:324px;height:auto\" srcset=\"https:\/\/qx1.org\/wp-content\/uploads\/2023\/09\/banner-dons-QX1-1-1024x758.png 1024w, https:\/\/qx1.org\/wp-content\/uploads\/2023\/09\/banner-dons-QX1-1-300x222.png 300w, https:\/\/qx1.org\/wp-content\/uploads\/2023\/09\/banner-dons-QX1-1-768x569.png 768w, https:\/\/qx1.org\/wp-content\/uploads\/2023\/09\/banner-dons-QX1-1-1536x1137.png 1536w, https:\/\/qx1.org\/wp-content\/uploads\/2023\/09\/banner-dons-QX1-1-2048x1517.png 2048w\" sizes=\"auto, (max-width: 1024px) 100vw, 1024px\" \/><\/a><\/figure>\n<\/div>\n\n\n<p>Avec <a href=\"https:\/\/www.helloasso.com\/associations\/qx1\/formulaires\/1\" target=\"_blank\" rel=\"noreferrer noopener\">vos dons<\/a>, vous nous aiderez dans la diffusion des informations et r\u00e9cits que nous collectons, avec l&#8217;impression de <a href=\"https:\/\/qx1.org\/brochures\/\" target=\"_blank\" rel=\"noreferrer noopener\">brochures <\/a>et des <a href=\"https:\/\/qx1.org\/ressources\/\" target=\"_blank\" rel=\"noreferrer noopener\">Welcome Map grand format<\/a> que nous offrons aux associations marseillaises. Aussi, cela nous permettra de continuer \u00e0 r\u00e9mun\u00e9rer le travail de traduction qui est fait par les personnes migrantes qui participent \u00e0 nos ateliers d&#8217;enregistrement de <a href=\"https:\/\/qx1.org\/audio\/\" target=\"_blank\" rel=\"noreferrer noopener\">capsules audio multilingue<\/a>.<\/p>\n\n\n\n<p>Aussi, sur notre page Helloasso vous aurez la possibilit\u00e9 d&#8217;<a href=\"https:\/\/www.helloasso.com\/associations\/qx1\/adhesions\/adhesion-qx1-2025\" target=\"_blank\" rel=\"noreferrer noopener\">adh\u00e9rer \u00e0 prix libre \u00e0 notre association<\/a>.<\/p>\n\n\n\n<div style=\"height:0px\" aria-hidden=\"true\" class=\"wp-block-spacer\"><\/div>\n\n\n\n<p class=\"has-white-color has-text-color has-background\" style=\"background-color:#ff0000\"><strong>REDUCTION FISCALE<\/strong> : Le don et l&#8217;adh\u00e9sion \u00e0&nbsp;QX1&nbsp;ouvre droit \u00e0 une r\u00e9duction fiscale car il remplit les conditions g\u00e9n\u00e9rales pr\u00e9vues aux articles 200 et 238 bis du code g\u00e9n\u00e9ral des imp\u00f4ts. Par exemple, un don de <strong>100\u20ac<\/strong> ne vous ne vous co\u00fbtera que&nbsp;<strong>34\u20ac<\/strong>&nbsp;apr\u00e8s r\u00e9duction fiscale.<\/p>\n\n\n\n<p>Si vous souhaitez rester inform\u00e9\u00b7es des nouveaut\u00e9s du projet, <a href=\"http:\/\/eepurl.com\/dItuu5\" target=\"_blank\" rel=\"noreferrer noopener\">inscrivez-vous \u00e0 notre newsletter<\/a> .<\/p>\n","protected":false},"excerpt":{"rendered":"<p>QX1 Welcome Map vit, depuis 2016, gr\u00e2ce au soutien de fondations et institutions publiques, aux recettes des \u00e9v\u00e9nements de soutien que nous organisons, mais aussi et surtout gr\u00e2ce \u00e0 l&#8217;implication de nos b\u00e9n\u00e9voles et des associations partenaires, qui nous aident \u00e0 garder \u00e0 jour et enrichir au quotidien notre plateforme. Avec vos dons, vous nous [&hellip;]<\/p>\n","protected":false},"author":8,"featured_media":0,"parent":0,"menu_order":0,"comment_status":"closed","ping_status":"closed","template":"","meta":{"_acf_changed":false,"_monsterinsights_skip_tracking":false,"_monsterinsights_sitenote_active":false,"_monsterinsights_sitenote_note":"","_monsterinsights_sitenote_category":0,"powered_cache_disable_cache":false,"footnotes":""},"class_list":["post-105277","page","type-page","status-publish","hentry"],"acf":[],"yoast_head":"<!-- This site is optimized with the Yoast SEO plugin v27.4 - https:\/\/yoast.com\/product\/yoast-seo-wordpress\/ -->\n<title>Soutenez QX1 Welcome Map ! - QX1 Welcome Map - Marsiglia<\/title>\n<meta name=\"robots\" content=\"index, follow, max-snippet:-1, max-image-preview:large, max-video-preview:-1\" \/>\n<link rel=\"canonical\" href=\"https:\/\/qx1.org\/it\/dons\/\" \/>\n<meta property=\"og:locale\" content=\"it_IT\" \/>\n<meta property=\"og:type\" content=\"article\" \/>\n<meta property=\"og:title\" content=\"Soutenez QX1 Welcome Map ! - QX1 Welcome Map - Marsiglia\" \/>\n<meta property=\"og:description\" content=\"QX1 Welcome Map vit, depuis 2016, gr\u00e2ce au soutien de fondations et institutions publiques, aux recettes des \u00e9v\u00e9nements de soutien que nous organisons, mais aussi et surtout gr\u00e2ce \u00e0 l&#8217;implication de nos b\u00e9n\u00e9voles et des associations partenaires, qui nous aident \u00e0 garder \u00e0 jour et enrichir au quotidien notre plateforme. Avec vos dons, vous nous [&hellip;]\" \/>\n<meta property=\"og:url\" content=\"https:\/\/qx1.org\/it\/dons\/\" \/>\n<meta property=\"og:site_name\" content=\"QX1 Welcome Map - Marsiglia\" \/>\n<meta property=\"article:publisher\" content=\"https:\/\/www.facebook.com\/qx1.marseille\/\" \/>\n<meta property=\"article:modified_time\" content=\"2025-02-24T13:06:56+00:00\" \/>\n<meta property=\"og:image\" content=\"https:\/\/qx1.org\/wp-content\/uploads\/2023\/09\/banner-dons-QX1-1.png\" \/>\n\t<meta property=\"og:image:width\" content=\"2112\" \/>\n\t<meta property=\"og:image:height\" content=\"1564\" \/>\n\t<meta property=\"og:image:type\" content=\"image\/png\" \/>\n<meta name=\"twitter:card\" content=\"summary_large_image\" \/>\n<meta name=\"twitter:label1\" content=\"Tempo di lettura stimato\" \/>\n\t<meta name=\"twitter:data1\" content=\"2 minuti\" \/>\n<script type=\"application\/ld+json\" class=\"yoast-schema-graph\">{\"@context\":\"https:\\\/\\\/schema.org\",\"@graph\":[{\"@type\":\"WebPage\",\"@id\":\"https:\\\/\\\/qx1.org\\\/it\\\/dons\\\/\",\"url\":\"https:\\\/\\\/qx1.org\\\/it\\\/dons\\\/\",\"name\":\"Soutenez QX1 Welcome Map ! - QX1 Welcome Map - Marsiglia\",\"isPartOf\":{\"@id\":\"https:\\\/\\\/qx1.org\\\/it\\\/#website\"},\"primaryImageOfPage\":{\"@id\":\"https:\\\/\\\/qx1.org\\\/it\\\/dons\\\/#primaryimage\"},\"image\":{\"@id\":\"https:\\\/\\\/qx1.org\\\/it\\\/dons\\\/#primaryimage\"},\"thumbnailUrl\":\"https:\\\/\\\/qx1.org\\\/wp-content\\\/uploads\\\/2023\\\/09\\\/banner-dons-QX1-1-1024x758.png\",\"datePublished\":\"2023-09-28T09:28:45+00:00\",\"dateModified\":\"2025-02-24T13:06:56+00:00\",\"inLanguage\":\"it-IT\",\"potentialAction\":[{\"@type\":\"ReadAction\",\"target\":[\"https:\\\/\\\/qx1.org\\\/it\\\/dons\\\/\"]}]},{\"@type\":\"ImageObject\",\"inLanguage\":\"it-IT\",\"@id\":\"https:\\\/\\\/qx1.org\\\/it\\\/dons\\\/#primaryimage\",\"url\":\"https:\\\/\\\/qx1.org\\\/wp-content\\\/uploads\\\/2023\\\/09\\\/banner-dons-QX1-1-1024x758.png\",\"contentUrl\":\"https:\\\/\\\/qx1.org\\\/wp-content\\\/uploads\\\/2023\\\/09\\\/banner-dons-QX1-1-1024x758.png\"},{\"@type\":\"WebSite\",\"@id\":\"https:\\\/\\\/qx1.org\\\/it\\\/#website\",\"url\":\"https:\\\/\\\/qx1.org\\\/it\\\/\",\"name\":\"QX1 Welcome Map - Marsiglia\",\"description\":\"Raccolta e condivisione di esperienze migranti a Marsiglia\",\"publisher\":{\"@id\":\"https:\\\/\\\/qx1.org\\\/it\\\/#organization\"},\"alternateName\":\"QX1 Marseille\",\"potentialAction\":[{\"@type\":\"SearchAction\",\"target\":{\"@type\":\"EntryPoint\",\"urlTemplate\":\"https:\\\/\\\/qx1.org\\\/it\\\/?s={search_term_string}\"},\"query-input\":{\"@type\":\"PropertyValueSpecification\",\"valueRequired\":true,\"valueName\":\"search_term_string\"}}],\"inLanguage\":\"it-IT\"},{\"@type\":\"Organization\",\"@id\":\"https:\\\/\\\/qx1.org\\\/it\\\/#organization\",\"name\":\"Association QX1 - Marseille\",\"url\":\"https:\\\/\\\/qx1.org\\\/it\\\/\",\"logo\":{\"@type\":\"ImageObject\",\"inLanguage\":\"it-IT\",\"@id\":\"https:\\\/\\\/qx1.org\\\/it\\\/#\\\/schema\\\/logo\\\/image\\\/\",\"url\":\"https:\\\/\\\/qx1.org\\\/wp-content\\\/uploads\\\/2024\\\/06\\\/cropped-QX1-Logo-Rond-Thumbnail.png\",\"contentUrl\":\"https:\\\/\\\/qx1.org\\\/wp-content\\\/uploads\\\/2024\\\/06\\\/cropped-QX1-Logo-Rond-Thumbnail.png\",\"width\":512,\"height\":512,\"caption\":\"Association QX1 - Marseille\"},\"image\":{\"@id\":\"https:\\\/\\\/qx1.org\\\/it\\\/#\\\/schema\\\/logo\\\/image\\\/\"},\"sameAs\":[\"https:\\\/\\\/www.facebook.com\\\/qx1.marseille\\\/\"]}]}<\/script>\n<!-- \/ Yoast SEO plugin. -->","yoast_head_json":{"title":"Soutenez QX1 Welcome Map ! - QX1 Welcome Map - Marsiglia","robots":{"index":"index","follow":"follow","max-snippet":"max-snippet:-1","max-image-preview":"max-image-preview:large","max-video-preview":"max-video-preview:-1"},"canonical":"https:\/\/qx1.org\/it\/dons\/","og_locale":"it_IT","og_type":"article","og_title":"Soutenez QX1 Welcome Map ! - QX1 Welcome Map - Marsiglia","og_description":"QX1 Welcome Map vit, depuis 2016, gr\u00e2ce au soutien de fondations et institutions publiques, aux recettes des \u00e9v\u00e9nements de soutien que nous organisons, mais aussi et surtout gr\u00e2ce \u00e0 l&#8217;implication de nos b\u00e9n\u00e9voles et des associations partenaires, qui nous aident \u00e0 garder \u00e0 jour et enrichir au quotidien notre plateforme. Avec vos dons, vous nous [&hellip;]","og_url":"https:\/\/qx1.org\/it\/dons\/","og_site_name":"QX1 Welcome Map - Marsiglia","article_publisher":"https:\/\/www.facebook.com\/qx1.marseille\/","article_modified_time":"2025-02-24T13:06:56+00:00","og_image":[{"width":2112,"height":1564,"url":"https:\/\/qx1.org\/wp-content\/uploads\/2023\/09\/banner-dons-QX1-1.png","type":"image\/png"}],"twitter_card":"summary_large_image","twitter_misc":{"Tempo di lettura stimato":"2 minuti"},"schema":{"@context":"https:\/\/schema.org","@graph":[{"@type":"WebPage","@id":"https:\/\/qx1.org\/it\/dons\/","url":"https:\/\/qx1.org\/it\/dons\/","name":"Soutenez QX1 Welcome Map ! - QX1 Welcome Map - Marsiglia","isPartOf":{"@id":"https:\/\/qx1.org\/it\/#website"},"primaryImageOfPage":{"@id":"https:\/\/qx1.org\/it\/dons\/#primaryimage"},"image":{"@id":"https:\/\/qx1.org\/it\/dons\/#primaryimage"},"thumbnailUrl":"https:\/\/qx1.org\/wp-content\/uploads\/2023\/09\/banner-dons-QX1-1-1024x758.png","datePublished":"2023-09-28T09:28:45+00:00","dateModified":"2025-02-24T13:06:56+00:00","inLanguage":"it-IT","potentialAction":[{"@type":"ReadAction","target":["https:\/\/qx1.org\/it\/dons\/"]}]},{"@type":"ImageObject","inLanguage":"it-IT","@id":"https:\/\/qx1.org\/it\/dons\/#primaryimage","url":"https:\/\/qx1.org\/wp-content\/uploads\/2023\/09\/banner-dons-QX1-1-1024x758.png","contentUrl":"https:\/\/qx1.org\/wp-content\/uploads\/2023\/09\/banner-dons-QX1-1-1024x758.png"},{"@type":"WebSite","@id":"https:\/\/qx1.org\/it\/#website","url":"https:\/\/qx1.org\/it\/","name":"QX1 Welcome Map - Marsiglia","description":"Raccolta e condivisione di esperienze migranti a Marsiglia","publisher":{"@id":"https:\/\/qx1.org\/it\/#organization"},"alternateName":"QX1 Marseille","potentialAction":[{"@type":"SearchAction","target":{"@type":"EntryPoint","urlTemplate":"https:\/\/qx1.org\/it\/?s={search_term_string}"},"query-input":{"@type":"PropertyValueSpecification","valueRequired":true,"valueName":"search_term_string"}}],"inLanguage":"it-IT"},{"@type":"Organization","@id":"https:\/\/qx1.org\/it\/#organization","name":"Association QX1 - Marseille","url":"https:\/\/qx1.org\/it\/","logo":{"@type":"ImageObject","inLanguage":"it-IT","@id":"https:\/\/qx1.org\/it\/#\/schema\/logo\/image\/","url":"https:\/\/qx1.org\/wp-content\/uploads\/2024\/06\/cropped-QX1-Logo-Rond-Thumbnail.png","contentUrl":"https:\/\/qx1.org\/wp-content\/uploads\/2024\/06\/cropped-QX1-Logo-Rond-Thumbnail.png","width":512,"height":512,"caption":"Association QX1 - Marseille"},"image":{"@id":"https:\/\/qx1.org\/it\/#\/schema\/logo\/image\/"},"sameAs":["https:\/\/www.facebook.com\/qx1.marseille\/"]}]}},"_links":{"self":[{"href":"https:\/\/qx1.org\/it\/wp-json\/wp\/v2\/pages\/105277","targetHints":{"allow":["GET"]}}],"collection":[{"href":"https:\/\/qx1.org\/it\/wp-json\/wp\/v2\/pages"}],"about":[{"href":"https:\/\/qx1.org\/it\/wp-json\/wp\/v2\/types\/page"}],"author":[{"embeddable":true,"href":"https:\/\/qx1.org\/it\/wp-json\/wp\/v2\/users\/8"}],"replies":[{"embeddable":true,"href":"https:\/\/qx1.org\/it\/wp-json\/wp\/v2\/comments?post=105277"}],"version-history":[{"count":22,"href":"https:\/\/qx1.org\/it\/wp-json\/wp\/v2\/pages\/105277\/revisions"}],"predecessor-version":[{"id":107490,"href":"https:\/\/qx1.org\/it\/wp-json\/wp\/v2\/pages\/105277\/revisions\/107490"}],"wp:attachment":[{"href":"https:\/\/qx1.org\/it\/wp-json\/wp\/v2\/media?parent=105277"}],"curies":[{"name":"wp","href":"https:\/\/api.w.org\/{rel}","templated":true}]}}