{"id":103754,"date":"2022-12-08T17:39:22","date_gmt":"2022-12-08T15:39:22","guid":{"rendered":"https:\/\/qx1.org\/?page_id=103754"},"modified":"2026-01-09T14:40:16","modified_gmt":"2026-01-09T12:40:16","slug":"contacts","status":"publish","type":"page","link":"https:\/\/qx1.org\/it\/contacts\/","title":{"rendered":"Contacts"},"content":{"rendered":"\n<p>Mail : <a href=\"mailto:contact@qx1.org\" target=\"_blank\" rel=\"noreferrer noopener\">contact@qx1.org<\/a><\/p>\n\n\n\n<p>Page HelloAsso et adh\u00e9sions : <a href=\"http:\/\/helloasso.com\/associations\/qx1\">helloasso.com\/associations\/qx1<\/a><\/p>\n\n\n\n<p>Facebook : <a href=\"http:\/\/facebook.com\/qx1.marseille\" target=\"_blank\" rel=\"noreferrer noopener\">facebook.com\/qx1.marseille<\/a><\/p>\n\n\n\n<p>Instagram : <a href=\"https:\/\/www.instagram.com\/qx1.marseille\/\" target=\"_blank\" rel=\"noreferrer noopener\">instagram.com\/qx1.marseille<\/a><\/p>\n\n\n\n<p>Proposer un lieu \u00e0 ajouter \u00e0 la QX1 Welcome Map : <a href=\"https:\/\/docs.google.com\/forms\/d\/e\/1FAIpQLScr2DdWpTBVTwehsvA5XD2kj40Rvk3zf5NXTFmQtTACsv4FBQ\/viewform?usp=dialog\" target=\"_blank\" rel=\"noreferrer noopener\">Formulaire<\/a><\/p>\n\n\n\n<div style=\"height:8px\" aria-hidden=\"true\" class=\"wp-block-spacer\"><\/div>\n\n\n\n<p class=\"has-vivid-red-color has-text-color\" style=\"font-size:24px\"><strong>Inscription Newsletter QX1 Welcome Map<\/strong><\/p>\n\n\n\n<div class=\"wp-block-columns is-layout-flex wp-container-core-columns-is-layout-9d6595d7 wp-block-columns-is-layout-flex\">\n<div class=\"wp-block-column is-layout-flow wp-block-column-is-layout-flow\" style=\"flex-basis:55%\">\n<div id=\"mc_embed_shell\">\n      <link href=\"\/\/cdn-images.mailchimp.com\/embedcode\/classic-061523.css\" rel=\"stylesheet\" type=\"text\/css\">\n  <style type=\"text\/css\">\n        #mc_embed_signup{background:#fff; false;clear:left; font:14px Helvetica,Arial,sans-serif; }\n        \/* Add your own Mailchimp form style overrides in your site stylesheet or in this style block.\n           We recommend moving this block and the preceding CSS link to the HEAD of your HTML file. *\/\n<\/style>\n<div id=\"mc_embed_signup\">\n    <form action=\"https:\/\/qx1.us19.list-manage.com\/subscribe\/post?u=65fedafb03f6f94a587ccd231&amp;id=22180d229a&amp;f_id=00b793e4f0\" method=\"post\" id=\"mc-embedded-subscribe-form\" name=\"mc-embedded-subscribe-form\" class=\"validate\" target=\"_blank\">\n        <div id=\"mc_embed_signup_scroll\">\n            <div class=\"indicates-required\"><span class=\"asterisk\">*<\/span> indicates required<\/div>\n            <div class=\"mc-field-group\"><label for=\"mce-EMAIL\">Email Address <span class=\"asterisk\">*<\/span><\/label><input type=\"email\" name=\"EMAIL\" class=\"required email\" id=\"mce-EMAIL\" required=\"\" value=\"\"><\/div><div class=\"mc-field-group\"><label for=\"mce-MMERGE8\">Structure, association, collectif&#8230; (facultatif) <\/label><input type=\"text\" name=\"MMERGE8\" class=\" text\" id=\"mce-MMERGE8\" value=\"\"><\/div>\n        <div id=\"mce-responses\" class=\"clear foot\">\n            <div class=\"response\" id=\"mce-error-response\" style=\"display: none;\"><\/div>\n            <div class=\"response\" id=\"mce-success-response\" style=\"display: none;\"><\/div>\n        <\/div>\n    <div aria-hidden=\"true\" style=\"position: absolute; left: -5000px;\">\n        \/* real people should not fill this in and expect good things &#8211; do not remove this or risk form bot signups *\/\n        <input type=\"text\" name=\"b_65fedafb03f6f94a587ccd231_22180d229a\" tabindex=\"-1\" value=\"\">\n    <\/div>\n        <div class=\"optionalParent\">\n            <div class=\"clear foot\">\n                <input type=\"submit\" name=\"subscribe\" id=\"mc-embedded-subscribe\" class=\"button\" value=\"Subscribe\">\n                <p class=\"brandingLogo\" style=\"margin: 0px auto;\"><a href=\"http:\/\/eepurl.com\/iu7oxo\" title=\"Mailchimp - email marketing made easy and fun\"><img decoding=\"async\" src=\"https:\/\/eep.io\/mc-cdn-images\/template_images\/branding_logo_text_dark_dtp.svg\" alt=\"referral badge\"><\/a><\/p>\n            <\/div>\n        <\/div>\n    <\/div>\n<\/form>\n<\/div>\n<script type=\"text\/javascript\" src=\"\/\/s3.amazonaws.com\/downloads.mailchimp.com\/js\/mc-validate.js\"><\/script><script type=\"text\/javascript\">(function($) {window.fnames = new Array(); window.ftypes = new Array();fnames[0]=EMAIL;ftypes[0]=merge;,fnames[8]=MMERGE8;ftypes[8]=merge;,fnames[1]=FNAME;ftypes[1]=merge;,fnames[2]=LNAME;ftypes[2]=merge;,fnames[3]=ADDRESS;ftypes[3]=merge;,fnames[4]=PHONE;ftypes[4]=merge;,fnames[5]=BIRTHDAY;ftypes[5]=merge;,fnames[6]=MMERGE6;ftypes[6]=merge;,fnames[7]=MMERGE7;ftypes[7]=merge;,fnames[9]=MMERGE9;ftypes[9]=merge;\/*\n * Translated default messages for the $ validation plugin.\n * Locale: FR\n *\/\n$.extend($.validator.messages, {\n        required: \"Ce champ est requis.\",\n        remote: \"Veuillez remplir ce champ pour continuer.\",\n        email: \"Veuillez entrer une adresse email valide.\",\n        url: \"Veuillez entrer une URL valide.\",\n        date: \"Veuillez entrer une date valide.\",\n        dateISO: \"Veuillez entrer une date valide (ISO).\",\n        number: \"Veuillez entrer un nombre valide.\",\n        digits: \"Veuillez entrer (seulement) une valeur num\u00e9rique.\",\n        creditcard: \"Veuillez entrer un num\u00e9ro de carte de cr\u00e9dit valide.\",\n        equalTo: \"Veuillez entrer une nouvelle fois la m\u00eame valeur.\",\n        accept: \"Veuillez entrer une valeur avec une extension valide.\",\n        maxlength: $.validator.format(\"Veuillez ne pas entrer plus de {0} caract\u00e8res.\"),\n        minlength: $.validator.format(\"Veuillez entrer au moins {0} caract\u00e8res.\"),\n        rangelength: $.validator.format(\"Veuillez entrer entre {0} et {1} caract\u00e8res.\"),\n        range: $.validator.format(\"Veuillez entrer une valeur entre {0} et {1}.\"),\n        max: $.validator.format(\"Veuillez entrer une valeur inf\u00e9rieure ou \u00e9gale \u00e0 {0}.\"),\n        min: $.validator.format(\"Veuillez entrer une valeur sup\u00e9rieure ou \u00e9gale \u00e0 {0}.\")\n});}(jQuery));var $mcj = jQuery.noConflict(true);<\/script><\/div>\n<\/div>\n\n\n\n<div class=\"wp-block-column is-vertically-aligned-center is-layout-flow wp-block-column-is-layout-flow\" style=\"font-size:10px;flex-basis:45%\">\n<p>Vous pouvez vous d\u00e9sabonner \u00e0 tout moment en cliquant sur le lien dans le bas de page de nos e-mails. Pour obtenir plus d\u2019informations sur nos pratiques de confidentialit\u00e9, rendez-vous sur notre site Web. Nous utilisons Mailchimp comme plateforme de marketing. En cliquant ci-dessus pour vous inscrire, vous reconnaissez que vos informations seront transf\u00e9r\u00e9es \u00e0 Mailchimp pour traitement. Pour en savoir plus sur les pratiques de Mailchimp en mati\u00e8re de protection de la vie priv\u00e9e, <a href=\"https:\/\/mailchimp.com\/legal\/terms\">cliquez ici<\/a>.<\/p>\n<\/div>\n<\/div>\n\n\n\n<p class=\"has-white-background-color has-background has-small-font-size\"><\/p>\n","protected":false},"excerpt":{"rendered":"<p>Mail : contact@qx1.org Page HelloAsso et adh\u00e9sions : helloasso.com\/associations\/qx1 Facebook : facebook.com\/qx1.marseille Instagram : instagram.com\/qx1.marseille Proposer un lieu \u00e0 ajouter \u00e0 la QX1 Welcome Map : Formulaire Inscription Newsletter QX1 Welcome Map * indicates required Email Address * Structure, association, collectif&#8230; (facultatif) \/* real people should not fill this in and expect good things &#8211; [&hellip;]<\/p>\n","protected":false},"author":8,"featured_media":0,"parent":0,"menu_order":0,"comment_status":"closed","ping_status":"closed","template":"","meta":{"_acf_changed":false,"_monsterinsights_skip_tracking":false,"_monsterinsights_sitenote_active":false,"_monsterinsights_sitenote_note":"","_monsterinsights_sitenote_category":0,"powered_cache_disable_cache":false,"footnotes":""},"class_list":["post-103754","page","type-page","status-publish","hentry"],"acf":[],"yoast_head":"<!-- This site is optimized with the Yoast SEO plugin v27.4 - https:\/\/yoast.com\/product\/yoast-seo-wordpress\/ -->\n<title>Contacts - QX1 Welcome Map - Marsiglia<\/title>\n<meta name=\"robots\" content=\"index, follow, max-snippet:-1, max-image-preview:large, max-video-preview:-1\" \/>\n<link rel=\"canonical\" href=\"https:\/\/qx1.org\/it\/contacts\/\" \/>\n<meta property=\"og:locale\" content=\"it_IT\" \/>\n<meta property=\"og:type\" content=\"article\" \/>\n<meta property=\"og:title\" content=\"Contacts - QX1 Welcome Map - Marsiglia\" \/>\n<meta property=\"og:description\" content=\"Mail : contact@qx1.org Page HelloAsso et adh\u00e9sions : helloasso.com\/associations\/qx1 Facebook : facebook.com\/qx1.marseille Instagram : instagram.com\/qx1.marseille Proposer un lieu \u00e0 ajouter \u00e0 la QX1 Welcome Map : Formulaire Inscription Newsletter QX1 Welcome Map * indicates required Email Address * Structure, association, collectif&#8230; (facultatif) \/* real people should not fill this in and expect good things &#8211; [&hellip;]\" \/>\n<meta property=\"og:url\" content=\"https:\/\/qx1.org\/it\/contacts\/\" \/>\n<meta property=\"og:site_name\" content=\"QX1 Welcome Map - Marsiglia\" \/>\n<meta property=\"article:publisher\" content=\"https:\/\/www.facebook.com\/qx1.marseille\/\" \/>\n<meta property=\"article:modified_time\" content=\"2026-01-09T12:40:16+00:00\" \/>\n<meta property=\"og:image\" content=\"https:\/\/eep.io\/mc-cdn-images\/template_images\/branding_logo_text_dark_dtp.svg\" \/>\n<meta name=\"twitter:card\" content=\"summary_large_image\" \/>\n<meta name=\"twitter:label1\" content=\"Tempo di lettura stimato\" \/>\n\t<meta name=\"twitter:data1\" content=\"1 minuto\" \/>\n<script type=\"application\/ld+json\" class=\"yoast-schema-graph\">{\"@context\":\"https:\\\/\\\/schema.org\",\"@graph\":[{\"@type\":[\"WebPage\",\"ContactPage\"],\"@id\":\"https:\\\/\\\/qx1.org\\\/it\\\/contacts\\\/\",\"url\":\"https:\\\/\\\/qx1.org\\\/it\\\/contacts\\\/\",\"name\":\"Contacts - QX1 Welcome Map - Marsiglia\",\"isPartOf\":{\"@id\":\"https:\\\/\\\/qx1.org\\\/it\\\/#website\"},\"primaryImageOfPage\":{\"@id\":\"https:\\\/\\\/qx1.org\\\/it\\\/contacts\\\/#primaryimage\"},\"image\":{\"@id\":\"https:\\\/\\\/qx1.org\\\/it\\\/contacts\\\/#primaryimage\"},\"thumbnailUrl\":\"https:\\\/\\\/eep.io\\\/mc-cdn-images\\\/template_images\\\/branding_logo_text_dark_dtp.svg\",\"datePublished\":\"2022-12-08T15:39:22+00:00\",\"dateModified\":\"2026-01-09T12:40:16+00:00\",\"inLanguage\":\"it-IT\",\"potentialAction\":[{\"@type\":\"ReadAction\",\"target\":[\"https:\\\/\\\/qx1.org\\\/it\\\/contacts\\\/\"]}]},{\"@type\":\"ImageObject\",\"inLanguage\":\"it-IT\",\"@id\":\"https:\\\/\\\/qx1.org\\\/it\\\/contacts\\\/#primaryimage\",\"url\":\"https:\\\/\\\/eep.io\\\/mc-cdn-images\\\/template_images\\\/branding_logo_text_dark_dtp.svg\",\"contentUrl\":\"https:\\\/\\\/eep.io\\\/mc-cdn-images\\\/template_images\\\/branding_logo_text_dark_dtp.svg\"},{\"@type\":\"WebSite\",\"@id\":\"https:\\\/\\\/qx1.org\\\/it\\\/#website\",\"url\":\"https:\\\/\\\/qx1.org\\\/it\\\/\",\"name\":\"QX1 Welcome Map - Marsiglia\",\"description\":\"Raccolta e condivisione di esperienze migranti a Marsiglia\",\"publisher\":{\"@id\":\"https:\\\/\\\/qx1.org\\\/it\\\/#organization\"},\"alternateName\":\"QX1 Marseille\",\"potentialAction\":[{\"@type\":\"SearchAction\",\"target\":{\"@type\":\"EntryPoint\",\"urlTemplate\":\"https:\\\/\\\/qx1.org\\\/it\\\/?s={search_term_string}\"},\"query-input\":{\"@type\":\"PropertyValueSpecification\",\"valueRequired\":true,\"valueName\":\"search_term_string\"}}],\"inLanguage\":\"it-IT\"},{\"@type\":\"Organization\",\"@id\":\"https:\\\/\\\/qx1.org\\\/it\\\/#organization\",\"name\":\"Association QX1 - Marseille\",\"url\":\"https:\\\/\\\/qx1.org\\\/it\\\/\",\"logo\":{\"@type\":\"ImageObject\",\"inLanguage\":\"it-IT\",\"@id\":\"https:\\\/\\\/qx1.org\\\/it\\\/#\\\/schema\\\/logo\\\/image\\\/\",\"url\":\"https:\\\/\\\/qx1.org\\\/wp-content\\\/uploads\\\/2024\\\/06\\\/cropped-QX1-Logo-Rond-Thumbnail.png\",\"contentUrl\":\"https:\\\/\\\/qx1.org\\\/wp-content\\\/uploads\\\/2024\\\/06\\\/cropped-QX1-Logo-Rond-Thumbnail.png\",\"width\":512,\"height\":512,\"caption\":\"Association QX1 - Marseille\"},\"image\":{\"@id\":\"https:\\\/\\\/qx1.org\\\/it\\\/#\\\/schema\\\/logo\\\/image\\\/\"},\"sameAs\":[\"https:\\\/\\\/www.facebook.com\\\/qx1.marseille\\\/\"]}]}<\/script>\n<!-- \/ Yoast SEO plugin. -->","yoast_head_json":{"title":"Contacts - QX1 Welcome Map - Marsiglia","robots":{"index":"index","follow":"follow","max-snippet":"max-snippet:-1","max-image-preview":"max-image-preview:large","max-video-preview":"max-video-preview:-1"},"canonical":"https:\/\/qx1.org\/it\/contacts\/","og_locale":"it_IT","og_type":"article","og_title":"Contacts - QX1 Welcome Map - Marsiglia","og_description":"Mail : contact@qx1.org Page HelloAsso et adh\u00e9sions : helloasso.com\/associations\/qx1 Facebook : facebook.com\/qx1.marseille Instagram : instagram.com\/qx1.marseille Proposer un lieu \u00e0 ajouter \u00e0 la QX1 Welcome Map : Formulaire Inscription Newsletter QX1 Welcome Map * indicates required Email Address * Structure, association, collectif&#8230; (facultatif) \/* real people should not fill this in and expect good things &#8211; [&hellip;]","og_url":"https:\/\/qx1.org\/it\/contacts\/","og_site_name":"QX1 Welcome Map - Marsiglia","article_publisher":"https:\/\/www.facebook.com\/qx1.marseille\/","article_modified_time":"2026-01-09T12:40:16+00:00","og_image":[{"url":"https:\/\/eep.io\/mc-cdn-images\/template_images\/branding_logo_text_dark_dtp.svg","type":"","width":"","height":""}],"twitter_card":"summary_large_image","twitter_misc":{"Tempo di lettura stimato":"1 minuto"},"schema":{"@context":"https:\/\/schema.org","@graph":[{"@type":["WebPage","ContactPage"],"@id":"https:\/\/qx1.org\/it\/contacts\/","url":"https:\/\/qx1.org\/it\/contacts\/","name":"Contacts - QX1 Welcome Map - Marsiglia","isPartOf":{"@id":"https:\/\/qx1.org\/it\/#website"},"primaryImageOfPage":{"@id":"https:\/\/qx1.org\/it\/contacts\/#primaryimage"},"image":{"@id":"https:\/\/qx1.org\/it\/contacts\/#primaryimage"},"thumbnailUrl":"https:\/\/eep.io\/mc-cdn-images\/template_images\/branding_logo_text_dark_dtp.svg","datePublished":"2022-12-08T15:39:22+00:00","dateModified":"2026-01-09T12:40:16+00:00","inLanguage":"it-IT","potentialAction":[{"@type":"ReadAction","target":["https:\/\/qx1.org\/it\/contacts\/"]}]},{"@type":"ImageObject","inLanguage":"it-IT","@id":"https:\/\/qx1.org\/it\/contacts\/#primaryimage","url":"https:\/\/eep.io\/mc-cdn-images\/template_images\/branding_logo_text_dark_dtp.svg","contentUrl":"https:\/\/eep.io\/mc-cdn-images\/template_images\/branding_logo_text_dark_dtp.svg"},{"@type":"WebSite","@id":"https:\/\/qx1.org\/it\/#website","url":"https:\/\/qx1.org\/it\/","name":"QX1 Welcome Map - Marsiglia","description":"Raccolta e condivisione di esperienze migranti a Marsiglia","publisher":{"@id":"https:\/\/qx1.org\/it\/#organization"},"alternateName":"QX1 Marseille","potentialAction":[{"@type":"SearchAction","target":{"@type":"EntryPoint","urlTemplate":"https:\/\/qx1.org\/it\/?s={search_term_string}"},"query-input":{"@type":"PropertyValueSpecification","valueRequired":true,"valueName":"search_term_string"}}],"inLanguage":"it-IT"},{"@type":"Organization","@id":"https:\/\/qx1.org\/it\/#organization","name":"Association QX1 - Marseille","url":"https:\/\/qx1.org\/it\/","logo":{"@type":"ImageObject","inLanguage":"it-IT","@id":"https:\/\/qx1.org\/it\/#\/schema\/logo\/image\/","url":"https:\/\/qx1.org\/wp-content\/uploads\/2024\/06\/cropped-QX1-Logo-Rond-Thumbnail.png","contentUrl":"https:\/\/qx1.org\/wp-content\/uploads\/2024\/06\/cropped-QX1-Logo-Rond-Thumbnail.png","width":512,"height":512,"caption":"Association QX1 - Marseille"},"image":{"@id":"https:\/\/qx1.org\/it\/#\/schema\/logo\/image\/"},"sameAs":["https:\/\/www.facebook.com\/qx1.marseille\/"]}]}},"_links":{"self":[{"href":"https:\/\/qx1.org\/it\/wp-json\/wp\/v2\/pages\/103754","targetHints":{"allow":["GET"]}}],"collection":[{"href":"https:\/\/qx1.org\/it\/wp-json\/wp\/v2\/pages"}],"about":[{"href":"https:\/\/qx1.org\/it\/wp-json\/wp\/v2\/types\/page"}],"author":[{"embeddable":true,"href":"https:\/\/qx1.org\/it\/wp-json\/wp\/v2\/users\/8"}],"replies":[{"embeddable":true,"href":"https:\/\/qx1.org\/it\/wp-json\/wp\/v2\/comments?post=103754"}],"version-history":[{"count":70,"href":"https:\/\/qx1.org\/it\/wp-json\/wp\/v2\/pages\/103754\/revisions"}],"predecessor-version":[{"id":109303,"href":"https:\/\/qx1.org\/it\/wp-json\/wp\/v2\/pages\/103754\/revisions\/109303"}],"wp:attachment":[{"href":"https:\/\/qx1.org\/it\/wp-json\/wp\/v2\/media?parent=103754"}],"curies":[{"name":"wp","href":"https:\/\/api.w.org\/{rel}","templated":true}]}}