{"id":102873,"date":"2022-11-20T18:51:54","date_gmt":"2022-11-20T16:51:54","guid":{"rendered":"https:\/\/qx1.org\/?page_id=102873"},"modified":"2026-04-13T10:46:08","modified_gmt":"2026-04-13T08:46:08","slug":"maraudes-marseille","status":"publish","type":"page","link":"https:\/\/qx1.org\/it\/maraudes-marseille\/","title":{"rendered":"Cartographie des Maraudes"},"content":{"rendered":"\n<p>Notre carte interactive relative aux maraudes est actuellement offline, dans l&#8217;attente de pouvoir la mettre \u00e0 jour sur un nouveau service de cartographie interactive. <\/p>\n\n\n\n<p>En attendant vous pouvez t\u00e9l\u00e9charger et imprimer le <strong>Guid&#8217;ou des Maraudes Alimentaires <\/strong>\u00e9dit\u00e9e et gard\u00e9e \u00e0 jour par nos ami\u00b7es du <a href=\"https:\/\/qx1.org\/lieu\/cs-cco-bernard-du-bois\/\" type=\"place\" id=\"2277\" target=\"_blank\" rel=\"noreferrer noopener\">CCO Bernard du Bois<\/a><\/p>\n\n\n\n<div class=\"wp-block-buttons is-content-justification-center is-layout-flex wp-container-core-buttons-is-layout-16018d1d wp-block-buttons-is-layout-flex\">\n<div class=\"wp-block-button has-custom-width wp-block-button__width-75 is-style-outline is-style-outline--2\"><a class=\"wp-block-button__link has-vivid-cyan-blue-color has-text-color has-link-color has-medium-font-size has-custom-font-size wp-element-button\" href=\"https:\/\/qx1.org\/wp-content\/uploads\/2026\/04\/MD-19-GuidOU-Maraudes-Alimentaires.pdf\" style=\"border-top-left-radius:9px;border-top-right-radius:9px;border-bottom-left-radius:9px;border-bottom-right-radius:9px\" target=\"_blank\" rel=\"noreferrer noopener\"><strong>Le Guid&#8217;ou des Maraudes Alimentaires<br>(un A3 Recto-verso \u00e0 plier)<\/strong><\/a><\/div>\n<\/div>\n\n\n\n<p>En alternative, vous pouvez toujours t\u00e9l\u00e9charger la derni\u00e8re version \u00e0 imprimer de notre <strong>Cartographie des maraudes QX1<\/strong>, avec les trac\u00e9s des parcours des maraudes, pr\u00e9sent\u00e9s jour par jour.<\/p>\n\n\n\n<p><strong>A Noter : <\/strong>nos mises \u00e0 jour de ce document sont moins fr\u00e9quentes que celles r\u00e9alis\u00e9es par le CCO ! <\/p>\n\n\n\n<p>Elle est disponible en deux formats :<\/p>\n\n\n\n<div class=\"wp-block-columns is-layout-flex wp-container-core-columns-is-layout-9d6595d7 wp-block-columns-is-layout-flex\">\n<div class=\"wp-block-column is-layout-flow wp-block-column-is-layout-flow\">\n<div class=\"wp-block-buttons is-content-justification-center is-layout-flex wp-container-core-buttons-is-layout-16018d1d wp-block-buttons-is-layout-flex\">\n<div class=\"wp-block-button has-custom-width wp-block-button__width-100 is-style-outline is-style-outline--3\"><a class=\"wp-block-button__link has-text-color has-small-font-size has-custom-font-size wp-element-button\" href=\"https:\/\/qx1.org\/wp-content\/uploads\/2023\/11\/Cartes-A4-Maraudes-QX1-Marseille-Nov23-1.pdf\" style=\"border-radius:12px;color:#0e6495\" target=\"_blank\" rel=\"noreferrer noopener\"><strong>Brochure Maraudes QX1 (7 pages, A4)<\/strong><\/a><\/div>\n<\/div>\n<\/div>\n\n\n\n<div class=\"wp-block-column is-layout-flow wp-block-column-is-layout-flow\" style=\"flex-basis:30px\"><\/div>\n\n\n\n<div class=\"wp-block-column is-vertically-aligned-center has-medium-font-size is-layout-flow wp-block-column-is-layout-flow\">\n<div class=\"wp-block-buttons is-content-justification-center is-layout-flex wp-container-core-buttons-is-layout-16018d1d wp-block-buttons-is-layout-flex\">\n<div class=\"wp-block-button has-custom-width wp-block-button__width-100 is-style-outline is-style-outline--4\"><a class=\"wp-block-button__link has-text-color has-small-font-size has-custom-font-size wp-element-button\" href=\"https:\/\/qx1.org\/wp-content\/uploads\/2023\/11\/QX1-Cartes-Maraudes-Format-A4-Livret-Nov23.pdf\" style=\"border-radius:12px;color:#0e6495\" target=\"_blank\" rel=\"noreferrer noopener\"><strong>Brochure Maraudes QX1 (Format Livret)<\/strong><\/a><\/div>\n<\/div>\n<\/div>\n<\/div>\n\n\n\n<div class=\"wp-block-columns is-layout-flex wp-container-core-columns-is-layout-9d6595d7 wp-block-columns-is-layout-flex\"><\/div>\n\n\n","protected":false},"excerpt":{"rendered":"<p>Notre carte interactive relative aux maraudes est actuellement offline, dans l&#8217;attente de pouvoir la mettre \u00e0 jour sur un nouveau service de cartographie interactive. En attendant vous pouvez t\u00e9l\u00e9charger et imprimer le Guid&#8217;ou des Maraudes Alimentaires \u00e9dit\u00e9e et gard\u00e9e \u00e0 jour par nos ami\u00b7es du CCO Bernard du Bois En alternative, vous pouvez toujours t\u00e9l\u00e9charger [&hellip;]<\/p>\n","protected":false},"author":8,"featured_media":0,"parent":0,"menu_order":0,"comment_status":"closed","ping_status":"closed","template":"","meta":{"_acf_changed":false,"_monsterinsights_skip_tracking":false,"_monsterinsights_sitenote_active":false,"_monsterinsights_sitenote_note":"","_monsterinsights_sitenote_category":0,"powered_cache_disable_cache":false,"footnotes":""},"class_list":["post-102873","page","type-page","status-publish","hentry"],"acf":[],"yoast_head":"<!-- This site is optimized with the Yoast SEO plugin v27.4 - https:\/\/yoast.com\/product\/yoast-seo-wordpress\/ -->\n<title>Cartographie des Maraudes - QX1 Welcome Map - Marsiglia<\/title>\n<meta name=\"robots\" content=\"index, follow, max-snippet:-1, max-image-preview:large, max-video-preview:-1\" \/>\n<link rel=\"canonical\" href=\"https:\/\/qx1.org\/it\/maraudes-marseille\/\" \/>\n<meta property=\"og:locale\" content=\"it_IT\" \/>\n<meta property=\"og:type\" content=\"article\" \/>\n<meta property=\"og:title\" content=\"Cartographie des Maraudes - QX1 Welcome Map - Marsiglia\" \/>\n<meta property=\"og:description\" content=\"Notre carte interactive relative aux maraudes est actuellement offline, dans l&#8217;attente de pouvoir la mettre \u00e0 jour sur un nouveau service de cartographie interactive. En attendant vous pouvez t\u00e9l\u00e9charger et imprimer le Guid&#8217;ou des Maraudes Alimentaires \u00e9dit\u00e9e et gard\u00e9e \u00e0 jour par nos ami\u00b7es du CCO Bernard du Bois En alternative, vous pouvez toujours t\u00e9l\u00e9charger [&hellip;]\" \/>\n<meta property=\"og:url\" content=\"https:\/\/qx1.org\/it\/maraudes-marseille\/\" \/>\n<meta property=\"og:site_name\" content=\"QX1 Welcome Map - Marsiglia\" \/>\n<meta property=\"article:publisher\" content=\"https:\/\/www.facebook.com\/qx1.marseille\/\" \/>\n<meta property=\"article:modified_time\" content=\"2026-04-13T08:46:08+00:00\" \/>\n<meta property=\"og:image\" content=\"https:\/\/qx1.org\/wp-content\/uploads\/2024\/06\/cropped-QX1-Logo-Rond-Thumbnail.png\" \/>\n\t<meta property=\"og:image:width\" content=\"512\" \/>\n\t<meta property=\"og:image:height\" content=\"512\" \/>\n\t<meta property=\"og:image:type\" content=\"image\/png\" \/>\n<meta name=\"twitter:card\" content=\"summary_large_image\" \/>\n<meta name=\"twitter:label1\" content=\"Tempo di lettura stimato\" \/>\n\t<meta name=\"twitter:data1\" content=\"1 minuto\" \/>\n<script type=\"application\/ld+json\" class=\"yoast-schema-graph\">{\"@context\":\"https:\\\/\\\/schema.org\",\"@graph\":[{\"@type\":\"WebPage\",\"@id\":\"https:\\\/\\\/qx1.org\\\/it\\\/maraudes-marseille\\\/\",\"url\":\"https:\\\/\\\/qx1.org\\\/it\\\/maraudes-marseille\\\/\",\"name\":\"Cartographie des Maraudes - QX1 Welcome Map - Marsiglia\",\"isPartOf\":{\"@id\":\"https:\\\/\\\/qx1.org\\\/it\\\/#website\"},\"datePublished\":\"2022-11-20T16:51:54+00:00\",\"dateModified\":\"2026-04-13T08:46:08+00:00\",\"inLanguage\":\"it-IT\",\"potentialAction\":[{\"@type\":\"ReadAction\",\"target\":[\"https:\\\/\\\/qx1.org\\\/it\\\/maraudes-marseille\\\/\"]}]},{\"@type\":\"WebSite\",\"@id\":\"https:\\\/\\\/qx1.org\\\/it\\\/#website\",\"url\":\"https:\\\/\\\/qx1.org\\\/it\\\/\",\"name\":\"QX1 Welcome Map - Marsiglia\",\"description\":\"Raccolta e condivisione di esperienze migranti a Marsiglia\",\"publisher\":{\"@id\":\"https:\\\/\\\/qx1.org\\\/it\\\/#organization\"},\"alternateName\":\"QX1 Marseille\",\"potentialAction\":[{\"@type\":\"SearchAction\",\"target\":{\"@type\":\"EntryPoint\",\"urlTemplate\":\"https:\\\/\\\/qx1.org\\\/it\\\/?s={search_term_string}\"},\"query-input\":{\"@type\":\"PropertyValueSpecification\",\"valueRequired\":true,\"valueName\":\"search_term_string\"}}],\"inLanguage\":\"it-IT\"},{\"@type\":\"Organization\",\"@id\":\"https:\\\/\\\/qx1.org\\\/it\\\/#organization\",\"name\":\"Association QX1 - Marseille\",\"url\":\"https:\\\/\\\/qx1.org\\\/it\\\/\",\"logo\":{\"@type\":\"ImageObject\",\"inLanguage\":\"it-IT\",\"@id\":\"https:\\\/\\\/qx1.org\\\/it\\\/#\\\/schema\\\/logo\\\/image\\\/\",\"url\":\"https:\\\/\\\/qx1.org\\\/wp-content\\\/uploads\\\/2024\\\/06\\\/cropped-QX1-Logo-Rond-Thumbnail.png\",\"contentUrl\":\"https:\\\/\\\/qx1.org\\\/wp-content\\\/uploads\\\/2024\\\/06\\\/cropped-QX1-Logo-Rond-Thumbnail.png\",\"width\":512,\"height\":512,\"caption\":\"Association QX1 - Marseille\"},\"image\":{\"@id\":\"https:\\\/\\\/qx1.org\\\/it\\\/#\\\/schema\\\/logo\\\/image\\\/\"},\"sameAs\":[\"https:\\\/\\\/www.facebook.com\\\/qx1.marseille\\\/\"]}]}<\/script>\n<!-- \/ Yoast SEO plugin. -->","yoast_head_json":{"title":"Cartographie des Maraudes - QX1 Welcome Map - Marsiglia","robots":{"index":"index","follow":"follow","max-snippet":"max-snippet:-1","max-image-preview":"max-image-preview:large","max-video-preview":"max-video-preview:-1"},"canonical":"https:\/\/qx1.org\/it\/maraudes-marseille\/","og_locale":"it_IT","og_type":"article","og_title":"Cartographie des Maraudes - QX1 Welcome Map - Marsiglia","og_description":"Notre carte interactive relative aux maraudes est actuellement offline, dans l&#8217;attente de pouvoir la mettre \u00e0 jour sur un nouveau service de cartographie interactive. En attendant vous pouvez t\u00e9l\u00e9charger et imprimer le Guid&#8217;ou des Maraudes Alimentaires \u00e9dit\u00e9e et gard\u00e9e \u00e0 jour par nos ami\u00b7es du CCO Bernard du Bois En alternative, vous pouvez toujours t\u00e9l\u00e9charger [&hellip;]","og_url":"https:\/\/qx1.org\/it\/maraudes-marseille\/","og_site_name":"QX1 Welcome Map - Marsiglia","article_publisher":"https:\/\/www.facebook.com\/qx1.marseille\/","article_modified_time":"2026-04-13T08:46:08+00:00","og_image":[{"width":512,"height":512,"url":"https:\/\/qx1.org\/wp-content\/uploads\/2024\/06\/cropped-QX1-Logo-Rond-Thumbnail.png","type":"image\/png"}],"twitter_card":"summary_large_image","twitter_misc":{"Tempo di lettura stimato":"1 minuto"},"schema":{"@context":"https:\/\/schema.org","@graph":[{"@type":"WebPage","@id":"https:\/\/qx1.org\/it\/maraudes-marseille\/","url":"https:\/\/qx1.org\/it\/maraudes-marseille\/","name":"Cartographie des Maraudes - QX1 Welcome Map - Marsiglia","isPartOf":{"@id":"https:\/\/qx1.org\/it\/#website"},"datePublished":"2022-11-20T16:51:54+00:00","dateModified":"2026-04-13T08:46:08+00:00","inLanguage":"it-IT","potentialAction":[{"@type":"ReadAction","target":["https:\/\/qx1.org\/it\/maraudes-marseille\/"]}]},{"@type":"WebSite","@id":"https:\/\/qx1.org\/it\/#website","url":"https:\/\/qx1.org\/it\/","name":"QX1 Welcome Map - Marsiglia","description":"Raccolta e condivisione di esperienze migranti a Marsiglia","publisher":{"@id":"https:\/\/qx1.org\/it\/#organization"},"alternateName":"QX1 Marseille","potentialAction":[{"@type":"SearchAction","target":{"@type":"EntryPoint","urlTemplate":"https:\/\/qx1.org\/it\/?s={search_term_string}"},"query-input":{"@type":"PropertyValueSpecification","valueRequired":true,"valueName":"search_term_string"}}],"inLanguage":"it-IT"},{"@type":"Organization","@id":"https:\/\/qx1.org\/it\/#organization","name":"Association QX1 - Marseille","url":"https:\/\/qx1.org\/it\/","logo":{"@type":"ImageObject","inLanguage":"it-IT","@id":"https:\/\/qx1.org\/it\/#\/schema\/logo\/image\/","url":"https:\/\/qx1.org\/wp-content\/uploads\/2024\/06\/cropped-QX1-Logo-Rond-Thumbnail.png","contentUrl":"https:\/\/qx1.org\/wp-content\/uploads\/2024\/06\/cropped-QX1-Logo-Rond-Thumbnail.png","width":512,"height":512,"caption":"Association QX1 - Marseille"},"image":{"@id":"https:\/\/qx1.org\/it\/#\/schema\/logo\/image\/"},"sameAs":["https:\/\/www.facebook.com\/qx1.marseille\/"]}]}},"_links":{"self":[{"href":"https:\/\/qx1.org\/it\/wp-json\/wp\/v2\/pages\/102873","targetHints":{"allow":["GET"]}}],"collection":[{"href":"https:\/\/qx1.org\/it\/wp-json\/wp\/v2\/pages"}],"about":[{"href":"https:\/\/qx1.org\/it\/wp-json\/wp\/v2\/types\/page"}],"author":[{"embeddable":true,"href":"https:\/\/qx1.org\/it\/wp-json\/wp\/v2\/users\/8"}],"replies":[{"embeddable":true,"href":"https:\/\/qx1.org\/it\/wp-json\/wp\/v2\/comments?post=102873"}],"version-history":[{"count":55,"href":"https:\/\/qx1.org\/it\/wp-json\/wp\/v2\/pages\/102873\/revisions"}],"predecessor-version":[{"id":109983,"href":"https:\/\/qx1.org\/it\/wp-json\/wp\/v2\/pages\/102873\/revisions\/109983"}],"wp:attachment":[{"href":"https:\/\/qx1.org\/it\/wp-json\/wp\/v2\/media?parent=102873"}],"curies":[{"name":"wp","href":"https:\/\/api.w.org\/{rel}","templated":true}]}}