{"id":105850,"date":"2024-02-19T13:14:04","date_gmt":"2024-02-19T11:14:04","guid":{"rendered":"https:\/\/qx1.org\/contacts\/"},"modified":"2026-01-09T14:45:07","modified_gmt":"2026-01-09T12:45:07","slug":"contacts","status":"publish","type":"page","link":"https:\/\/qx1.org\/en\/contacts\/","title":{"rendered":"Contacts"},"content":{"rendered":"\n<p>Mail : <a href=\"mailto:contact@qx1.org\" target=\"_blank\" rel=\"noreferrer noopener\">contact@qx1.org<\/a><\/p>\n\n\n\n<p>HelloAsso page and memberships : <a href=\"http:\/\/helloasso.com\/associations\/qx1\">helloasso.com\/associations\/qx1<\/a><\/p>\n\n\n\n<p>Facebook : <a href=\"http:\/\/facebook.com\/qx1.marseille\" target=\"_blank\" rel=\"noreferrer noopener\">facebook.com\/qx1.marseille<\/a><\/p>\n\n\n\n<p>Instagram : <a href=\"https:\/\/www.instagram.com\/qx1.marseille\/\" target=\"_blank\" rel=\"noreferrer noopener\">instagram.com\/qx1.marseille<\/a><\/p>\n\n\n\n<p>Suggest a place to add to the QX1 Welcome Map : <a href=\"https:\/\/docs.google.com\/forms\/d\/e\/1FAIpQLScr2DdWpTBVTwehsvA5XD2kj40Rvk3zf5NXTFmQtTACsv4FBQ\/viewform?usp=dialog\" target=\"_blank\" rel=\"noreferrer noopener\">Formulaire<\/a><\/p>\n\n\n\n<p><\/p>\n\n\n\n<div style=\"height:40px\" aria-hidden=\"true\" class=\"wp-block-spacer\"><\/div>\n\n\n\n<p class=\"has-vivid-red-color has-text-color\" style=\"font-size:24px\"><strong>Subscribe to the QX1 Welcome Map Newsletter <\/strong><\/p>\n\n\n\n<div class=\"wp-block-columns is-layout-flex wp-container-core-columns-is-layout-9d6595d7 wp-block-columns-is-layout-flex\">\n<div class=\"wp-block-column is-layout-flow wp-block-column-is-layout-flow\" style=\"flex-basis:55%\">\n<div id=\"mc_embed_shell\">\r\n      <link href=\"\/\/cdn-images.mailchimp.com\/embedcode\/classic-061523.css\" rel=\"stylesheet\" type=\"text\/css\"\/>\r\n  <style type=\"text\/css\">\r\n        #mc_embed_signup{background:#fff; false;clear:left; font:14px Helvetica,Arial,sans-serif; }\r\n        \/* Add your own Mailchimp form style overrides in your site stylesheet or in this style block.\r\n           We recommend moving this block and the preceding CSS link to the HEAD of your HTML file. *\/\r\n<\/style>\r\n<div id=\"mc_embed_signup\">\r\n    <form action=\"https:\/\/qx1.us19.list-manage.com\/subscribe\/post?u=65fedafb03f6f94a587ccd231&#038;id=22180d229a&#038;f_id=00b793e4f0\" method=\"post\" id=\"mc-embedded-subscribe-form\" name=\"mc-embedded-subscribe-form\" class=\"validate\" target=\"_blank\">\r\n        <div id=\"mc_embed_signup_scroll\">\r\n            <div class=\"indicates-required\"><span class=\"asterisk\">*<\/span> indicates required<\/div>\r\n            <div class=\"mc-field-group\"><label for=\"mce-EMAIL\">Email Address <span class=\"asterisk\">*<\/span><\/label><input type=\"email\" name=\"EMAIL\" class=\"required email\" id=\"mce-EMAIL\" required=\"\" value=\"\"\/><\/div><div class=\"mc-field-group\"><label for=\"mce-MMERGE8\">Structure, association, collectif&#8230; (facultatif) <\/label><input type=\"text\" name=\"MMERGE8\" class=\" text\" id=\"mce-MMERGE8\" value=\"\"\/><\/div>\r\n        <div id=\"mce-responses\" class=\"clear foot\">\r\n            <div class=\"response\" id=\"mce-error-response\" style=\"display: none;\"><\/div>\r\n            <div class=\"response\" id=\"mce-success-response\" style=\"display: none;\"><\/div>\r\n        <\/div>\r\n    <div aria-hidden=\"true\" style=\"position: absolute; left: -5000px;\">\r\n        \/* real people should not fill this in and expect good things &#8211; do not remove this or risk form bot signups *\/\r\n        <input type=\"text\" name=\"b_65fedafb03f6f94a587ccd231_22180d229a\" tabindex=\"-1\" value=\"\"\/>\r\n    <\/div>\r\n        <div class=\"optionalParent\">\r\n            <div class=\"clear foot\">\r\n                <input type=\"submit\" name=\"subscribe\" id=\"mc-embedded-subscribe\" class=\"button\" value=\"Subscribe\"\/>\r\n                <p class=\"brandingLogo\" style=\"margin: 0px auto;\"><a href=\"http:\/\/eepurl.com\/iu7oxo\" title=\"Mailchimp - email marketing made easy and fun\"><img decoding=\"async\" src=\"https:\/\/eep.io\/mc-cdn-images\/template_images\/branding_logo_text_dark_dtp.svg\" alt=\"referral badge\"\/><\/a><\/p>\r\n            <\/div>\r\n        <\/div>\r\n    <\/div>\r\n<\/form>\r\n<\/div>\r\n<script type=\"text\/javascript\" src=\"\/\/s3.amazonaws.com\/downloads.mailchimp.com\/js\/mc-validate.js\"><\/script><script type=\"text\/javascript\">(function($) {window.fnames = new Array(); window.ftypes = new Array();fnames[0]=EMAIL;ftypes[0]=merge;,fnames[8]=MMERGE8;ftypes[8]=merge;,fnames[1]=FNAME;ftypes[1]=merge;,fnames[2]=LNAME;ftypes[2]=merge;,fnames[3]=ADDRESS;ftypes[3]=merge;,fnames[4]=PHONE;ftypes[4]=merge;,fnames[5]=BIRTHDAY;ftypes[5]=merge;,fnames[6]=MMERGE6;ftypes[6]=merge;,fnames[7]=MMERGE7;ftypes[7]=merge;,fnames[9]=MMERGE9;ftypes[9]=merge;\/*\r\n * Translated default messages for the $ validation plugin.\r\n * Locale: FR\r\n *\/\r\n$.extend($.validator.messages, {\r\n        required: \"Ce champ est requis.\",\r\n        remote: \"Veuillez remplir ce champ pour continuer.\",\r\n        email: \"Veuillez entrer une adresse email valide.\",\r\n        url: \"Veuillez entrer une URL valide.\",\r\n        date: \"Veuillez entrer une date valide.\",\r\n        dateISO: \"Veuillez entrer une date valide (ISO).\",\r\n        number: \"Veuillez entrer un nombre valide.\",\r\n        digits: \"Veuillez entrer (seulement) une valeur num\u00e9rique.\",\r\n        creditcard: \"Veuillez entrer un num\u00e9ro de carte de cr\u00e9dit valide.\",\r\n        equalTo: \"Veuillez entrer une nouvelle fois la m\u00eame valeur.\",\r\n        accept: \"Veuillez entrer une valeur avec une extension valide.\",\r\n        maxlength: $.validator.format(\"Veuillez ne pas entrer plus de {0} caract\u00e8res.\"),\r\n        minlength: $.validator.format(\"Veuillez entrer au moins {0} caract\u00e8res.\"),\r\n        rangelength: $.validator.format(\"Veuillez entrer entre {0} et {1} caract\u00e8res.\"),\r\n        range: $.validator.format(\"Veuillez entrer une valeur entre {0} et {1}.\"),\r\n        max: $.validator.format(\"Veuillez entrer une valeur inf\u00e9rieure ou \u00e9gale \u00e0 {0}.\"),\r\n        min: $.validator.format(\"Veuillez entrer une valeur sup\u00e9rieure ou \u00e9gale \u00e0 {0}.\")\r\n});}(jQuery));var $mcj = jQuery.noConflict(true);<\/script><\/div>\n<\/div>\n\n\n\n<div class=\"wp-block-column is-vertically-aligned-center is-layout-flow wp-block-column-is-layout-flow\" style=\"font-size:10px;flex-basis:45%\">\n<p>You can unsubscribe at any time by clicking on the link in the footer of our e-mails. For more information on our privacy practices, please visit our website. We use Mailchimp as our marketing platform. By clicking above to register, you acknowledge that your information will be transferred to Mailchimp for processing. To learn more about Mailchimp&#8217;s privacy practices, <a href=\"https:\/\/mailchimp.com\/legal\/terms\" target=\"_blank\" rel=\"noopener\">click here<\/a>.<\/p>\n<\/div>\n<\/div>\n\n\n\n<p class=\"has-white-background-color has-background has-small-font-size\"><\/p>\n","protected":false},"excerpt":{"rendered":"<p>Mail : contact@qx1.org HelloAsso page and memberships : helloasso.com\/associations\/qx1 Facebook : facebook.com\/qx1.marseille Instagram : instagram.com\/qx1.marseille Suggest a place to add to the QX1 Welcome Map : Formulaire Subscribe to the QX1 Welcome Map Newsletter * indicates required Email Address * Structure, association, collectif&#8230; (facultatif) \/* real people should not fill this in and expect good [&hellip;]<\/p>\n","protected":false},"author":8,"featured_media":0,"parent":0,"menu_order":0,"comment_status":"closed","ping_status":"closed","template":"","meta":{"_acf_changed":false,"_monsterinsights_skip_tracking":false,"_monsterinsights_sitenote_active":false,"_monsterinsights_sitenote_note":"","_monsterinsights_sitenote_category":0,"powered_cache_disable_cache":false,"footnotes":""},"class_list":["post-105850","page","type-page","status-publish","hentry"],"acf":[],"yoast_head":"<!-- This site is optimized with the Yoast SEO plugin v27.4 - https:\/\/yoast.com\/product\/yoast-seo-wordpress\/ -->\n<title>Contacts - QX1 Welcome Map - Marseille<\/title>\n<meta name=\"robots\" content=\"index, follow, max-snippet:-1, max-image-preview:large, max-video-preview:-1\" \/>\n<link rel=\"canonical\" href=\"https:\/\/qx1.org\/en\/contacts\/\" \/>\n<meta property=\"og:locale\" content=\"en_US\" \/>\n<meta property=\"og:type\" content=\"article\" \/>\n<meta property=\"og:title\" content=\"Contacts - QX1 Welcome Map - Marseille\" \/>\n<meta property=\"og:description\" content=\"Mail : contact@qx1.org HelloAsso page and memberships : helloasso.com\/associations\/qx1 Facebook : facebook.com\/qx1.marseille Instagram : instagram.com\/qx1.marseille Suggest a place to add to the QX1 Welcome Map : Formulaire Subscribe to the QX1 Welcome Map Newsletter * indicates required Email Address * Structure, association, collectif&#8230; (facultatif) \/* real people should not fill this in and expect good [&hellip;]\" \/>\n<meta property=\"og:url\" content=\"https:\/\/qx1.org\/en\/contacts\/\" \/>\n<meta property=\"og:site_name\" content=\"QX1 Welcome Map - Marseille\" \/>\n<meta property=\"article:publisher\" content=\"https:\/\/www.facebook.com\/qx1.marseille\/\" \/>\n<meta property=\"article:modified_time\" content=\"2026-01-09T12:45:07+00:00\" \/>\n<meta property=\"og:image\" content=\"https:\/\/eep.io\/mc-cdn-images\/template_images\/branding_logo_text_dark_dtp.svg\" \/>\n<meta name=\"twitter:card\" content=\"summary_large_image\" \/>\n<meta name=\"twitter:label1\" content=\"Est. reading time\" \/>\n\t<meta name=\"twitter:data1\" content=\"1 minute\" \/>\n<script type=\"application\/ld+json\" class=\"yoast-schema-graph\">{\"@context\":\"https:\\\/\\\/schema.org\",\"@graph\":[{\"@type\":[\"WebPage\",\"ContactPage\"],\"@id\":\"https:\\\/\\\/qx1.org\\\/en\\\/contacts\\\/\",\"url\":\"https:\\\/\\\/qx1.org\\\/en\\\/contacts\\\/\",\"name\":\"Contacts - QX1 Welcome Map - Marseille\",\"isPartOf\":{\"@id\":\"https:\\\/\\\/qx1.org\\\/en\\\/#website\"},\"primaryImageOfPage\":{\"@id\":\"https:\\\/\\\/qx1.org\\\/en\\\/contacts\\\/#primaryimage\"},\"image\":{\"@id\":\"https:\\\/\\\/qx1.org\\\/en\\\/contacts\\\/#primaryimage\"},\"thumbnailUrl\":\"https:\\\/\\\/eep.io\\\/mc-cdn-images\\\/template_images\\\/branding_logo_text_dark_dtp.svg\",\"datePublished\":\"2024-02-19T11:14:04+00:00\",\"dateModified\":\"2026-01-09T12:45:07+00:00\",\"inLanguage\":\"en-US\",\"potentialAction\":[{\"@type\":\"ReadAction\",\"target\":[\"https:\\\/\\\/qx1.org\\\/en\\\/contacts\\\/\"]}]},{\"@type\":\"ImageObject\",\"inLanguage\":\"en-US\",\"@id\":\"https:\\\/\\\/qx1.org\\\/en\\\/contacts\\\/#primaryimage\",\"url\":\"https:\\\/\\\/eep.io\\\/mc-cdn-images\\\/template_images\\\/branding_logo_text_dark_dtp.svg\",\"contentUrl\":\"https:\\\/\\\/eep.io\\\/mc-cdn-images\\\/template_images\\\/branding_logo_text_dark_dtp.svg\"},{\"@type\":\"WebSite\",\"@id\":\"https:\\\/\\\/qx1.org\\\/en\\\/#website\",\"url\":\"https:\\\/\\\/qx1.org\\\/en\\\/\",\"name\":\"QX1 Welcome Map - Marseille\",\"description\":\"Migrants&#039; experiences collecting and sharing in Marseille\",\"publisher\":{\"@id\":\"https:\\\/\\\/qx1.org\\\/en\\\/#organization\"},\"alternateName\":\"QX1 Marseille\",\"potentialAction\":[{\"@type\":\"SearchAction\",\"target\":{\"@type\":\"EntryPoint\",\"urlTemplate\":\"https:\\\/\\\/qx1.org\\\/en\\\/?s={search_term_string}\"},\"query-input\":{\"@type\":\"PropertyValueSpecification\",\"valueRequired\":true,\"valueName\":\"search_term_string\"}}],\"inLanguage\":\"en-US\"},{\"@type\":\"Organization\",\"@id\":\"https:\\\/\\\/qx1.org\\\/en\\\/#organization\",\"name\":\"Association QX1 - Marseille\",\"url\":\"https:\\\/\\\/qx1.org\\\/en\\\/\",\"logo\":{\"@type\":\"ImageObject\",\"inLanguage\":\"en-US\",\"@id\":\"https:\\\/\\\/qx1.org\\\/en\\\/#\\\/schema\\\/logo\\\/image\\\/\",\"url\":\"https:\\\/\\\/qx1.org\\\/wp-content\\\/uploads\\\/2024\\\/06\\\/cropped-QX1-Logo-Rond-Thumbnail.png\",\"contentUrl\":\"https:\\\/\\\/qx1.org\\\/wp-content\\\/uploads\\\/2024\\\/06\\\/cropped-QX1-Logo-Rond-Thumbnail.png\",\"width\":512,\"height\":512,\"caption\":\"Association QX1 - Marseille\"},\"image\":{\"@id\":\"https:\\\/\\\/qx1.org\\\/en\\\/#\\\/schema\\\/logo\\\/image\\\/\"},\"sameAs\":[\"https:\\\/\\\/www.facebook.com\\\/qx1.marseille\\\/\"]}]}<\/script>\n<!-- \/ Yoast SEO plugin. -->","yoast_head_json":{"title":"Contacts - QX1 Welcome Map - Marseille","robots":{"index":"index","follow":"follow","max-snippet":"max-snippet:-1","max-image-preview":"max-image-preview:large","max-video-preview":"max-video-preview:-1"},"canonical":"https:\/\/qx1.org\/en\/contacts\/","og_locale":"en_US","og_type":"article","og_title":"Contacts - QX1 Welcome Map - Marseille","og_description":"Mail : contact@qx1.org HelloAsso page and memberships : helloasso.com\/associations\/qx1 Facebook : facebook.com\/qx1.marseille Instagram : instagram.com\/qx1.marseille Suggest a place to add to the QX1 Welcome Map : Formulaire Subscribe to the QX1 Welcome Map Newsletter * indicates required Email Address * Structure, association, collectif&#8230; (facultatif) \/* real people should not fill this in and expect good [&hellip;]","og_url":"https:\/\/qx1.org\/en\/contacts\/","og_site_name":"QX1 Welcome Map - Marseille","article_publisher":"https:\/\/www.facebook.com\/qx1.marseille\/","article_modified_time":"2026-01-09T12:45:07+00:00","og_image":[{"url":"https:\/\/eep.io\/mc-cdn-images\/template_images\/branding_logo_text_dark_dtp.svg","type":"","width":"","height":""}],"twitter_card":"summary_large_image","twitter_misc":{"Est. reading time":"1 minute"},"schema":{"@context":"https:\/\/schema.org","@graph":[{"@type":["WebPage","ContactPage"],"@id":"https:\/\/qx1.org\/en\/contacts\/","url":"https:\/\/qx1.org\/en\/contacts\/","name":"Contacts - QX1 Welcome Map - Marseille","isPartOf":{"@id":"https:\/\/qx1.org\/en\/#website"},"primaryImageOfPage":{"@id":"https:\/\/qx1.org\/en\/contacts\/#primaryimage"},"image":{"@id":"https:\/\/qx1.org\/en\/contacts\/#primaryimage"},"thumbnailUrl":"https:\/\/eep.io\/mc-cdn-images\/template_images\/branding_logo_text_dark_dtp.svg","datePublished":"2024-02-19T11:14:04+00:00","dateModified":"2026-01-09T12:45:07+00:00","inLanguage":"en-US","potentialAction":[{"@type":"ReadAction","target":["https:\/\/qx1.org\/en\/contacts\/"]}]},{"@type":"ImageObject","inLanguage":"en-US","@id":"https:\/\/qx1.org\/en\/contacts\/#primaryimage","url":"https:\/\/eep.io\/mc-cdn-images\/template_images\/branding_logo_text_dark_dtp.svg","contentUrl":"https:\/\/eep.io\/mc-cdn-images\/template_images\/branding_logo_text_dark_dtp.svg"},{"@type":"WebSite","@id":"https:\/\/qx1.org\/en\/#website","url":"https:\/\/qx1.org\/en\/","name":"QX1 Welcome Map - Marseille","description":"Migrants&#039; experiences collecting and sharing in Marseille","publisher":{"@id":"https:\/\/qx1.org\/en\/#organization"},"alternateName":"QX1 Marseille","potentialAction":[{"@type":"SearchAction","target":{"@type":"EntryPoint","urlTemplate":"https:\/\/qx1.org\/en\/?s={search_term_string}"},"query-input":{"@type":"PropertyValueSpecification","valueRequired":true,"valueName":"search_term_string"}}],"inLanguage":"en-US"},{"@type":"Organization","@id":"https:\/\/qx1.org\/en\/#organization","name":"Association QX1 - Marseille","url":"https:\/\/qx1.org\/en\/","logo":{"@type":"ImageObject","inLanguage":"en-US","@id":"https:\/\/qx1.org\/en\/#\/schema\/logo\/image\/","url":"https:\/\/qx1.org\/wp-content\/uploads\/2024\/06\/cropped-QX1-Logo-Rond-Thumbnail.png","contentUrl":"https:\/\/qx1.org\/wp-content\/uploads\/2024\/06\/cropped-QX1-Logo-Rond-Thumbnail.png","width":512,"height":512,"caption":"Association QX1 - Marseille"},"image":{"@id":"https:\/\/qx1.org\/en\/#\/schema\/logo\/image\/"},"sameAs":["https:\/\/www.facebook.com\/qx1.marseille\/"]}]}},"_links":{"self":[{"href":"https:\/\/qx1.org\/en\/wp-json\/wp\/v2\/pages\/105850","targetHints":{"allow":["GET"]}}],"collection":[{"href":"https:\/\/qx1.org\/en\/wp-json\/wp\/v2\/pages"}],"about":[{"href":"https:\/\/qx1.org\/en\/wp-json\/wp\/v2\/types\/page"}],"author":[{"embeddable":true,"href":"https:\/\/qx1.org\/en\/wp-json\/wp\/v2\/users\/8"}],"replies":[{"embeddable":true,"href":"https:\/\/qx1.org\/en\/wp-json\/wp\/v2\/comments?post=105850"}],"version-history":[{"count":3,"href":"https:\/\/qx1.org\/en\/wp-json\/wp\/v2\/pages\/105850\/revisions"}],"predecessor-version":[{"id":109304,"href":"https:\/\/qx1.org\/en\/wp-json\/wp\/v2\/pages\/105850\/revisions\/109304"}],"wp:attachment":[{"href":"https:\/\/qx1.org\/en\/wp-json\/wp\/v2\/media?parent=105850"}],"curies":[{"name":"wp","href":"https:\/\/api.w.org\/{rel}","templated":true}]}}