{"id":107839,"date":"2025-06-18T11:18:04","date_gmt":"2025-06-18T09:18:04","guid":{"rendered":"https:\/\/qx1.org\/?page_id=107839"},"modified":"2026-02-18T19:32:28","modified_gmt":"2026-02-18T17:32:28","slug":"guide-orientation-cad","status":"publish","type":"page","link":"https:\/\/qx1.org\/ar\/guide-orientation-cad\/","title":{"rendered":"Guide d&#8217;orientation vers les ressources du 3e arrondissement de Marseille"},"content":{"rendered":"<div class=\"wp-block-image wp-duotone-unset-2\">\n<figure class=\"aligncenter size-large\"><img loading=\"lazy\" decoding=\"async\" width=\"1024\" height=\"768\" src=\"https:\/\/qx1.org\/wp-content\/uploads\/2025\/12\/four_guides-e1766154396144-1024x768.jpeg\" alt=\"\" class=\"wp-image-109237\" srcset=\"https:\/\/qx1.org\/wp-content\/uploads\/2025\/12\/four_guides-e1766154396144-1024x768.jpeg 1024w, https:\/\/qx1.org\/wp-content\/uploads\/2025\/12\/four_guides-e1766154396144-300x225.jpeg 300w, https:\/\/qx1.org\/wp-content\/uploads\/2025\/12\/four_guides-e1766154396144-768x576.jpeg 768w, https:\/\/qx1.org\/wp-content\/uploads\/2025\/12\/four_guides-e1766154396144-1536x1152.jpeg 1536w, https:\/\/qx1.org\/wp-content\/uploads\/2025\/12\/four_guides-e1766154396144.jpeg 1600w\" sizes=\"auto, (max-width: 1024px) 100vw, 1024px\" \/><\/figure>\n<\/div>\n\n\n<p>Lanc\u00e9 au printemps 2025, ce projet est n\u00e9 d\u2019un constat partag\u00e9 par les associations du <strong>Collectif d\u2019Acc\u00e8s aux Droits du 3e<\/strong> : les habitant\u00b7es de ce secteur sont souvent confront\u00e9\u00b7es \u00e0 une accumulation de difficult\u00e9s et de facteurs d\u2019exclusion. Parall\u00e8lement, le tissu associatif local propose de nombreuses ressources et solutions, encore trop souvent m\u00e9connues, tant par la population que par les autres structures.<\/p>\n\n\n\n<p>Pour r\u00e9pondre \u00e0 cet enjeu, nous avons con\u00e7u des \u00ab packs \u00bb d\u2019outils d\u2019orientation au sein du 3e arrdt., &#8220;sur mesure&#8221; pour chaque structure. Ces supports pr\u00e9sentent, de mani\u00e8re simple et en plusieurs  langues, une s\u00e9lection de lieux situ\u00e9s \u00e0 proximit\u00e9, \u00e0 travers des cartographies simplifi\u00e9es et des QR codes donnant acc\u00e8s \u00e0 des pr\u00e9sentations audio des services propos\u00e9s.<\/p>\n\n\n\n<p>Cette brochure fait partie du &#8220;<strong>pack d&#8217;outils d&#8217;orientation<\/strong>&#8221; que nous avons propos\u00e9 au <em>CAD du 3e<\/em>. Une phase de test de ces outils a d\u00e9but\u00e9 au printemps 2025 et nous permettra d&#8217;am\u00e9liorer ces documents et les d\u00e9ployer sur l&#8217;ensemble des structures souhaitant s&#8217;en servir, dans le 3e arrdt., \u00e0 compter de l&#8217;automne 2025. <\/p>\n\n\n\n<p>Ci-dessous, les PDF en libre t\u00e9l\u00e9chargement des versions existantes : <\/p>\n\n\n\n<p><\/p>\n\n\n\n<div class=\"wp-block-columns is-layout-flex wp-container-core-columns-is-layout-9d6595d7 wp-block-columns-is-layout-flex\">\n<div class=\"wp-block-column is-layout-flow wp-block-column-is-layout-flow\">\n<figure class=\"wp-block-image size-medium is-resized\"><a href=\"https:\/\/qx1.org\/wp-content\/uploads\/2025\/12\/4-Guide-CS-Belle-de-Mai-IMPOSED.pdf\" target=\"_blank\" rel=\" noreferrer noopener\"><img loading=\"lazy\" decoding=\"async\" width=\"216\" height=\"300\" src=\"https:\/\/qx1.org\/wp-content\/uploads\/2025\/06\/la-Une-du-Guide-3e-216x300.png\" alt=\"\" class=\"wp-image-107871\" style=\"width:120px\" srcset=\"https:\/\/qx1.org\/wp-content\/uploads\/2025\/06\/la-Une-du-Guide-3e-216x300.png 216w, https:\/\/qx1.org\/wp-content\/uploads\/2025\/06\/la-Une-du-Guide-3e.png 601w\" sizes=\"auto, (max-width: 216px) 100vw, 216px\" \/><\/a><figcaption class=\"wp-element-caption\"><a href=\"https:\/\/qx1.org\/wp-content\/uploads\/2025\/12\/4-Guide-CS-Belle-de-Mai-IMPOSED.pdf\" target=\"_blank\" rel=\"noreferrer noopener\">Version <\/a><br><a href=\"https:\/\/qx1.org\/wp-content\/uploads\/2025\/12\/4-Guide-CS-Belle-de-Mai-IMPOSED.pdf\" target=\"_blank\" rel=\"noreferrer noopener\">CS Belle de Mai<\/a><\/figcaption><\/figure>\n<\/div>\n\n\n\n<div class=\"wp-block-column is-layout-flow wp-block-column-is-layout-flow\">\n<figure class=\"wp-block-image size-large is-resized\"><a href=\"https:\/\/qx1.org\/wp-content\/uploads\/2025\/10\/Guide-Orientation-du-3eme-QX1-Version-Frat.pdf\" target=\"_blank\" rel=\" noreferrer noopener\"><img loading=\"lazy\" decoding=\"async\" width=\"733\" height=\"1024\" src=\"https:\/\/qx1.org\/wp-content\/uploads\/2025\/10\/Frat-Thumb-733x1024.png\" alt=\"\" class=\"wp-image-108355\" style=\"width:120px\" srcset=\"https:\/\/qx1.org\/wp-content\/uploads\/2025\/10\/Frat-Thumb-733x1024.png 733w, https:\/\/qx1.org\/wp-content\/uploads\/2025\/10\/Frat-Thumb-215x300.png 215w, https:\/\/qx1.org\/wp-content\/uploads\/2025\/10\/Frat-Thumb.png 736w\" sizes=\"auto, (max-width: 733px) 100vw, 733px\" \/><\/a><figcaption class=\"wp-element-caption\"><a href=\"https:\/\/qx1.org\/wp-content\/uploads\/2025\/10\/Guide-Orientation-du-3eme-QX1-Version-Frat.pdf\">Version <\/a><br><a href=\"https:\/\/qx1.org\/wp-content\/uploads\/2025\/10\/Guide-Orientation-du-3eme-QX1-Version-Frat.pdf\">Fraternit\u00e9<\/a><\/figcaption><\/figure>\n<\/div>\n\n\n\n<div class=\"wp-block-column is-layout-flow wp-block-column-is-layout-flow\">\n<figure class=\"wp-block-image size-large is-resized\"><a href=\"https:\/\/qx1.org\/wp-content\/uploads\/2025\/12\/2-Guide-Mot-a-Mot-Print.pdf\" target=\"_blank\" rel=\" noreferrer noopener\"><img loading=\"lazy\" decoding=\"async\" width=\"723\" height=\"1024\" src=\"https:\/\/qx1.org\/wp-content\/uploads\/2025\/12\/Selection_068-723x1024.png\" alt=\"\" class=\"wp-image-109217\" style=\"width:120px\" srcset=\"https:\/\/qx1.org\/wp-content\/uploads\/2025\/12\/Selection_068-723x1024.png 723w, https:\/\/qx1.org\/wp-content\/uploads\/2025\/12\/Selection_068-212x300.png 212w, https:\/\/qx1.org\/wp-content\/uploads\/2025\/12\/Selection_068.png 727w\" sizes=\"auto, (max-width: 723px) 100vw, 723px\" \/><\/a><figcaption class=\"wp-element-caption\"><a href=\"https:\/\/qx1.org\/wp-content\/uploads\/2025\/12\/2-Guide-Mot-a-Mot-Print.pdf\" target=\"_blank\" rel=\"noreferrer noopener\">Version <\/a><br><a href=\"https:\/\/qx1.org\/wp-content\/uploads\/2025\/12\/2-Guide-Mot-a-Mot-Print.pdf\" target=\"_blank\" rel=\"noreferrer noopener\">Mot \u00e0 mot<\/a><\/figcaption><\/figure>\n<\/div>\n<\/div>\n\n\n\n<div class=\"wp-block-columns is-layout-flex wp-container-core-columns-is-layout-9d6595d7 wp-block-columns-is-layout-flex\">\n<div class=\"wp-block-column is-layout-flow wp-block-column-is-layout-flow\">\n<figure class=\"wp-block-image size-large is-resized\"><a href=\"https:\/\/qx1.org\/wp-content\/uploads\/2025\/12\/1-Guide-Plateau-Spo-PRINT.pdf\" target=\"_blank\" rel=\" noreferrer noopener\"><img loading=\"lazy\" decoding=\"async\" width=\"724\" height=\"1024\" src=\"https:\/\/qx1.org\/wp-content\/uploads\/2025\/12\/Selection_069-724x1024.png\" alt=\"\" class=\"wp-image-109229\" style=\"width:120px\" srcset=\"https:\/\/qx1.org\/wp-content\/uploads\/2025\/12\/Selection_069-724x1024.png 724w, https:\/\/qx1.org\/wp-content\/uploads\/2025\/12\/Selection_069-212x300.png 212w, https:\/\/qx1.org\/wp-content\/uploads\/2025\/12\/Selection_069.png 729w\" sizes=\"auto, (max-width: 724px) 100vw, 724px\" \/><\/a><figcaption class=\"wp-element-caption\"><a href=\"https:\/\/qx1.org\/wp-content\/uploads\/2025\/10\/Guide-Orientation-du-3eme-QX1-Version-Frat.pdf\">Version<\/a><a href=\"https:\/\/qx1.org\/wp-content\/uploads\/2025\/12\/1-Guide-Plateau-Spo-PRINT.pdf\" target=\"_blank\" rel=\"noreferrer noopener\"> <\/a><br><a href=\"https:\/\/qx1.org\/wp-content\/uploads\/2025\/12\/1-Guide-Plateau-Spo-PRINT.pdf\" target=\"_blank\" rel=\"noreferrer noopener\">Plateau Sportif<\/a><\/figcaption><\/figure>\n<\/div>\n\n\n\n<div class=\"wp-block-column is-layout-flow wp-block-column-is-layout-flow\">\n<figure class=\"wp-block-image size-large is-resized\"><img loading=\"lazy\" decoding=\"async\" width=\"726\" height=\"1024\" src=\"https:\/\/qx1.org\/wp-content\/uploads\/2026\/02\/thumb-Guide-ASM-726x1024.png\" alt=\"\" class=\"wp-image-109672\" style=\"width:120px\" srcset=\"https:\/\/qx1.org\/wp-content\/uploads\/2026\/02\/thumb-Guide-ASM-726x1024.png 726w, https:\/\/qx1.org\/wp-content\/uploads\/2026\/02\/thumb-Guide-ASM-213x300.png 213w, https:\/\/qx1.org\/wp-content\/uploads\/2026\/02\/thumb-Guide-ASM.png 731w\" sizes=\"auto, (max-width: 726px) 100vw, 726px\" \/><figcaption class=\"wp-element-caption\"><a href=\"https:\/\/qx1.org\/wp-content\/uploads\/2026\/02\/Guide-QX1-pour-ASM-Print.pdf\">Version <\/a><br><a href=\"https:\/\/qx1.org\/wp-content\/uploads\/2026\/02\/Guide-QX1-pour-ASM-Print.pdf\">ASM<\/a><\/figcaption><\/figure>\n<\/div>\n\n\n\n<div class=\"wp-block-column is-layout-flow wp-block-column-is-layout-flow\">\n<figure class=\"wp-block-image size-large is-resized\"><a href=\"https:\/\/qx1.org\/wp-content\/uploads\/2026\/02\/Guide-VM-Print.pdf\" target=\"_blank\" rel=\" noreferrer noopener\"><img loading=\"lazy\" decoding=\"async\" width=\"721\" height=\"1024\" src=\"https:\/\/qx1.org\/wp-content\/uploads\/2026\/02\/thumb-Guide-VM-721x1024.png\" alt=\"\" class=\"wp-image-109680\" style=\"width:120px\" srcset=\"https:\/\/qx1.org\/wp-content\/uploads\/2026\/02\/thumb-Guide-VM-721x1024.png 721w, https:\/\/qx1.org\/wp-content\/uploads\/2026\/02\/thumb-Guide-VM-211x300.png 211w, https:\/\/qx1.org\/wp-content\/uploads\/2026\/02\/thumb-Guide-VM.png 728w\" sizes=\"auto, (max-width: 721px) 100vw, 721px\" \/><\/a><figcaption class=\"wp-element-caption\"><a href=\"https:\/\/qx1.org\/wp-content\/uploads\/2026\/02\/Guide-VM-Print.pdf\">Version <\/a><br><a href=\"https:\/\/qx1.org\/wp-content\/uploads\/2026\/02\/Guide-VM-Print.pdf\">VoisinMalin<\/a><\/figcaption><\/figure>\n<\/div>\n<\/div>\n\n\n\n<p>Outre le Guide, ce pack est compos\u00e9 de deux supports papier grand format \u00e0 afficher dans les lieux d&#8217;accueil : <\/p>\n\n\n\n<ul class=\"wp-block-list\">\n<li>une <strong>cartographie Welcome Map personnalis\u00e9e<\/strong> (Version pour le CS Belle de Mai <strong><a href=\"https:\/\/qx1.org\/wp-content\/uploads\/2025\/06\/A0-QX1-Welcome-Map-CS-Belle-de-Mai-PRINT.pdf\" target=\"_blank\" rel=\"noreferrer noopener\">ici<\/a><\/strong>)<\/li>\n\n\n\n<li>une <strong>affiche <\/strong>reprenant les informations pr\u00e9sent\u00e9es dans le guide (Version pour le CS Belle de Mai <a href=\"https:\/\/qx1.org\/wp-content\/uploads\/2025\/10\/poster-pour-CS-BdM-Print-2.0.pdf\" target=\"_blank\" rel=\"noreferrer noopener\"><strong>ici<\/strong><\/a>)<\/li>\n<\/ul>\n\n\n<div class=\"wp-block-image\">\n<figure class=\"aligncenter size-large is-resized\"><img loading=\"lazy\" decoding=\"async\" width=\"768\" height=\"1024\" src=\"https:\/\/qx1.org\/wp-content\/uploads\/2025\/07\/Guides-Orientation-3e-CS-BdM-Presentoir-1-768x1024.jpg\" alt=\"\" class=\"wp-image-108038\" style=\"width:318px;height:auto\" srcset=\"https:\/\/qx1.org\/wp-content\/uploads\/2025\/07\/Guides-Orientation-3e-CS-BdM-Presentoir-1-768x1024.jpg 768w, https:\/\/qx1.org\/wp-content\/uploads\/2025\/07\/Guides-Orientation-3e-CS-BdM-Presentoir-1-225x300.jpg 225w, https:\/\/qx1.org\/wp-content\/uploads\/2025\/07\/Guides-Orientation-3e-CS-BdM-Presentoir-1-1152x1536.jpg 1152w, https:\/\/qx1.org\/wp-content\/uploads\/2025\/07\/Guides-Orientation-3e-CS-BdM-Presentoir-1-1536x2048.jpg 1536w, https:\/\/qx1.org\/wp-content\/uploads\/2025\/07\/Guides-Orientation-3e-CS-BdM-Presentoir-1-scaled.jpg 1920w\" sizes=\"auto, (max-width: 768px) 100vw, 768px\" \/><\/figure>\n<\/div>","protected":false},"excerpt":{"rendered":"<p>Lanc\u00e9 au printemps 2025, ce projet est n\u00e9 d\u2019un constat partag\u00e9 par les associations du Collectif d\u2019Acc\u00e8s aux Droits du 3e : les habitant\u00b7es de ce secteur sont souvent confront\u00e9\u00b7es \u00e0 une accumulation de difficult\u00e9s et de facteurs d\u2019exclusion. Parall\u00e8lement, le tissu associatif local propose de nombreuses ressources et solutions, encore trop souvent m\u00e9connues, tant [&hellip;]<\/p>\n","protected":false},"author":8,"featured_media":0,"parent":0,"menu_order":0,"comment_status":"closed","ping_status":"closed","template":"","meta":{"_acf_changed":false,"_monsterinsights_skip_tracking":false,"_monsterinsights_sitenote_active":false,"_monsterinsights_sitenote_note":"","_monsterinsights_sitenote_category":0,"powered_cache_disable_cache":false,"footnotes":""},"class_list":["post-107839","page","type-page","status-publish","hentry"],"acf":[],"yoast_head":"<!-- This site is optimized with the Yoast SEO plugin v27.4 - https:\/\/yoast.com\/product\/yoast-seo-wordpress\/ -->\n<title>Guide d&#039;orientation vers les ressources du 3e arrondissement de Marseille - \u0645\u0631\u0633\u064a\u0644\u064a\u0627 - QX1 Welcome Map<\/title>\n<meta name=\"robots\" content=\"index, follow, max-snippet:-1, max-image-preview:large, max-video-preview:-1\" \/>\n<link rel=\"canonical\" href=\"https:\/\/qx1.org\/ar\/guide-orientation-cad\/\" \/>\n<meta property=\"og:locale\" content=\"ar_AR\" \/>\n<meta property=\"og:type\" content=\"article\" \/>\n<meta property=\"og:title\" content=\"Guide d&#039;orientation vers les ressources du 3e arrondissement de Marseille - \u0645\u0631\u0633\u064a\u0644\u064a\u0627 - QX1 Welcome Map\" \/>\n<meta property=\"og:description\" content=\"Lanc\u00e9 au printemps 2025, ce projet est n\u00e9 d\u2019un constat partag\u00e9 par les associations du Collectif d\u2019Acc\u00e8s aux Droits du 3e : les habitant\u00b7es de ce secteur sont souvent confront\u00e9\u00b7es \u00e0 une accumulation de difficult\u00e9s et de facteurs d\u2019exclusion. Parall\u00e8lement, le tissu associatif local propose de nombreuses ressources et solutions, encore trop souvent m\u00e9connues, tant [&hellip;]\" \/>\n<meta property=\"og:url\" content=\"https:\/\/qx1.org\/ar\/guide-orientation-cad\/\" \/>\n<meta property=\"og:site_name\" content=\"\u0645\u0631\u0633\u064a\u0644\u064a\u0627 - QX1 Welcome Map\" \/>\n<meta property=\"article:publisher\" content=\"https:\/\/www.facebook.com\/qx1.marseille\/\" \/>\n<meta property=\"article:modified_time\" content=\"2026-02-18T17:32:28+00:00\" \/>\n<meta property=\"og:image\" content=\"https:\/\/qx1.org\/wp-content\/uploads\/2025\/12\/four_guides-e1766154396144.jpeg\" \/>\n\t<meta property=\"og:image:width\" content=\"1600\" \/>\n\t<meta property=\"og:image:height\" content=\"1200\" \/>\n\t<meta property=\"og:image:type\" content=\"image\/jpeg\" \/>\n<meta name=\"twitter:card\" content=\"summary_large_image\" \/>\n<meta name=\"twitter:label1\" content=\"\u0648\u0642\u062a \u0627\u0644\u0642\u0631\u0627\u0621\u0629 \u0627\u0644\u0645\u064f\u0642\u062f\u0651\u0631\" \/>\n\t<meta name=\"twitter:data1\" content=\"3 \u062f\u0642\u0627\u0626\u0642\" \/>\n<script type=\"application\/ld+json\" class=\"yoast-schema-graph\">{\"@context\":\"https:\\\/\\\/schema.org\",\"@graph\":[{\"@type\":\"WebPage\",\"@id\":\"https:\\\/\\\/qx1.org\\\/ar\\\/guide-orientation-cad\\\/\",\"url\":\"https:\\\/\\\/qx1.org\\\/ar\\\/guide-orientation-cad\\\/\",\"name\":\"Guide d'orientation vers les ressources du 3e arrondissement de Marseille - \u0645\u0631\u0633\u064a\u0644\u064a\u0627 - QX1 Welcome Map\",\"isPartOf\":{\"@id\":\"https:\\\/\\\/qx1.org\\\/ar\\\/#website\"},\"primaryImageOfPage\":{\"@id\":\"https:\\\/\\\/qx1.org\\\/ar\\\/guide-orientation-cad\\\/#primaryimage\"},\"image\":{\"@id\":\"https:\\\/\\\/qx1.org\\\/ar\\\/guide-orientation-cad\\\/#primaryimage\"},\"thumbnailUrl\":\"https:\\\/\\\/qx1.org\\\/wp-content\\\/uploads\\\/2025\\\/12\\\/four_guides-e1766154396144-1024x768.jpeg\",\"datePublished\":\"2025-06-18T09:18:04+00:00\",\"dateModified\":\"2026-02-18T17:32:28+00:00\",\"inLanguage\":\"ar\",\"potentialAction\":[{\"@type\":\"ReadAction\",\"target\":[\"https:\\\/\\\/qx1.org\\\/ar\\\/guide-orientation-cad\\\/\"]}]},{\"@type\":\"ImageObject\",\"inLanguage\":\"ar\",\"@id\":\"https:\\\/\\\/qx1.org\\\/ar\\\/guide-orientation-cad\\\/#primaryimage\",\"url\":\"https:\\\/\\\/qx1.org\\\/wp-content\\\/uploads\\\/2025\\\/12\\\/four_guides-e1766154396144-1024x768.jpeg\",\"contentUrl\":\"https:\\\/\\\/qx1.org\\\/wp-content\\\/uploads\\\/2025\\\/12\\\/four_guides-e1766154396144-1024x768.jpeg\"},{\"@type\":\"WebSite\",\"@id\":\"https:\\\/\\\/qx1.org\\\/ar\\\/#website\",\"url\":\"https:\\\/\\\/qx1.org\\\/ar\\\/\",\"name\":\"\u0645\u0631\u0633\u064a\u0644\u064a\u0627 - QX1 Welcome Map\",\"description\":\"\u062a\u062c\u0645\u064a\u0639 \u0648\u0645\u0634\u0627\u0631\u0643\u0629 \u062a\u062c\u0627\u0631\u0628 \u0627\u0644\u0645\u0647\u0627\u062c\u0631\u064a\u0646 \",\"publisher\":{\"@id\":\"https:\\\/\\\/qx1.org\\\/ar\\\/#organization\"},\"alternateName\":\"QX1 Marseille\",\"potentialAction\":[{\"@type\":\"SearchAction\",\"target\":{\"@type\":\"EntryPoint\",\"urlTemplate\":\"https:\\\/\\\/qx1.org\\\/ar\\\/?s={search_term_string}\"},\"query-input\":{\"@type\":\"PropertyValueSpecification\",\"valueRequired\":true,\"valueName\":\"search_term_string\"}}],\"inLanguage\":\"ar\"},{\"@type\":\"Organization\",\"@id\":\"https:\\\/\\\/qx1.org\\\/ar\\\/#organization\",\"name\":\"Association QX1 - Marseille\",\"url\":\"https:\\\/\\\/qx1.org\\\/ar\\\/\",\"logo\":{\"@type\":\"ImageObject\",\"inLanguage\":\"ar\",\"@id\":\"https:\\\/\\\/qx1.org\\\/ar\\\/#\\\/schema\\\/logo\\\/image\\\/\",\"url\":\"https:\\\/\\\/qx1.org\\\/wp-content\\\/uploads\\\/2024\\\/06\\\/cropped-QX1-Logo-Rond-Thumbnail.png\",\"contentUrl\":\"https:\\\/\\\/qx1.org\\\/wp-content\\\/uploads\\\/2024\\\/06\\\/cropped-QX1-Logo-Rond-Thumbnail.png\",\"width\":512,\"height\":512,\"caption\":\"Association QX1 - Marseille\"},\"image\":{\"@id\":\"https:\\\/\\\/qx1.org\\\/ar\\\/#\\\/schema\\\/logo\\\/image\\\/\"},\"sameAs\":[\"https:\\\/\\\/www.facebook.com\\\/qx1.marseille\\\/\"]}]}<\/script>\n<!-- \/ Yoast SEO plugin. -->","yoast_head_json":{"title":"Guide d'orientation vers les ressources du 3e arrondissement de Marseille - \u0645\u0631\u0633\u064a\u0644\u064a\u0627 - QX1 Welcome Map","robots":{"index":"index","follow":"follow","max-snippet":"max-snippet:-1","max-image-preview":"max-image-preview:large","max-video-preview":"max-video-preview:-1"},"canonical":"https:\/\/qx1.org\/ar\/guide-orientation-cad\/","og_locale":"ar_AR","og_type":"article","og_title":"Guide d'orientation vers les ressources du 3e arrondissement de Marseille - \u0645\u0631\u0633\u064a\u0644\u064a\u0627 - QX1 Welcome Map","og_description":"Lanc\u00e9 au printemps 2025, ce projet est n\u00e9 d\u2019un constat partag\u00e9 par les associations du Collectif d\u2019Acc\u00e8s aux Droits du 3e : les habitant\u00b7es de ce secteur sont souvent confront\u00e9\u00b7es \u00e0 une accumulation de difficult\u00e9s et de facteurs d\u2019exclusion. Parall\u00e8lement, le tissu associatif local propose de nombreuses ressources et solutions, encore trop souvent m\u00e9connues, tant [&hellip;]","og_url":"https:\/\/qx1.org\/ar\/guide-orientation-cad\/","og_site_name":"\u0645\u0631\u0633\u064a\u0644\u064a\u0627 - QX1 Welcome Map","article_publisher":"https:\/\/www.facebook.com\/qx1.marseille\/","article_modified_time":"2026-02-18T17:32:28+00:00","og_image":[{"width":1600,"height":1200,"url":"https:\/\/qx1.org\/wp-content\/uploads\/2025\/12\/four_guides-e1766154396144.jpeg","type":"image\/jpeg"}],"twitter_card":"summary_large_image","twitter_misc":{"\u0648\u0642\u062a \u0627\u0644\u0642\u0631\u0627\u0621\u0629 \u0627\u0644\u0645\u064f\u0642\u062f\u0651\u0631":"3 \u062f\u0642\u0627\u0626\u0642"},"schema":{"@context":"https:\/\/schema.org","@graph":[{"@type":"WebPage","@id":"https:\/\/qx1.org\/ar\/guide-orientation-cad\/","url":"https:\/\/qx1.org\/ar\/guide-orientation-cad\/","name":"Guide d'orientation vers les ressources du 3e arrondissement de Marseille - \u0645\u0631\u0633\u064a\u0644\u064a\u0627 - QX1 Welcome Map","isPartOf":{"@id":"https:\/\/qx1.org\/ar\/#website"},"primaryImageOfPage":{"@id":"https:\/\/qx1.org\/ar\/guide-orientation-cad\/#primaryimage"},"image":{"@id":"https:\/\/qx1.org\/ar\/guide-orientation-cad\/#primaryimage"},"thumbnailUrl":"https:\/\/qx1.org\/wp-content\/uploads\/2025\/12\/four_guides-e1766154396144-1024x768.jpeg","datePublished":"2025-06-18T09:18:04+00:00","dateModified":"2026-02-18T17:32:28+00:00","inLanguage":"ar","potentialAction":[{"@type":"ReadAction","target":["https:\/\/qx1.org\/ar\/guide-orientation-cad\/"]}]},{"@type":"ImageObject","inLanguage":"ar","@id":"https:\/\/qx1.org\/ar\/guide-orientation-cad\/#primaryimage","url":"https:\/\/qx1.org\/wp-content\/uploads\/2025\/12\/four_guides-e1766154396144-1024x768.jpeg","contentUrl":"https:\/\/qx1.org\/wp-content\/uploads\/2025\/12\/four_guides-e1766154396144-1024x768.jpeg"},{"@type":"WebSite","@id":"https:\/\/qx1.org\/ar\/#website","url":"https:\/\/qx1.org\/ar\/","name":"\u0645\u0631\u0633\u064a\u0644\u064a\u0627 - QX1 Welcome Map","description":"\u062a\u062c\u0645\u064a\u0639 \u0648\u0645\u0634\u0627\u0631\u0643\u0629 \u062a\u062c\u0627\u0631\u0628 \u0627\u0644\u0645\u0647\u0627\u062c\u0631\u064a\u0646 ","publisher":{"@id":"https:\/\/qx1.org\/ar\/#organization"},"alternateName":"QX1 Marseille","potentialAction":[{"@type":"SearchAction","target":{"@type":"EntryPoint","urlTemplate":"https:\/\/qx1.org\/ar\/?s={search_term_string}"},"query-input":{"@type":"PropertyValueSpecification","valueRequired":true,"valueName":"search_term_string"}}],"inLanguage":"ar"},{"@type":"Organization","@id":"https:\/\/qx1.org\/ar\/#organization","name":"Association QX1 - Marseille","url":"https:\/\/qx1.org\/ar\/","logo":{"@type":"ImageObject","inLanguage":"ar","@id":"https:\/\/qx1.org\/ar\/#\/schema\/logo\/image\/","url":"https:\/\/qx1.org\/wp-content\/uploads\/2024\/06\/cropped-QX1-Logo-Rond-Thumbnail.png","contentUrl":"https:\/\/qx1.org\/wp-content\/uploads\/2024\/06\/cropped-QX1-Logo-Rond-Thumbnail.png","width":512,"height":512,"caption":"Association QX1 - Marseille"},"image":{"@id":"https:\/\/qx1.org\/ar\/#\/schema\/logo\/image\/"},"sameAs":["https:\/\/www.facebook.com\/qx1.marseille\/"]}]}},"_links":{"self":[{"href":"https:\/\/qx1.org\/ar\/wp-json\/wp\/v2\/pages\/107839","targetHints":{"allow":["GET"]}}],"collection":[{"href":"https:\/\/qx1.org\/ar\/wp-json\/wp\/v2\/pages"}],"about":[{"href":"https:\/\/qx1.org\/ar\/wp-json\/wp\/v2\/types\/page"}],"author":[{"embeddable":true,"href":"https:\/\/qx1.org\/ar\/wp-json\/wp\/v2\/users\/8"}],"replies":[{"embeddable":true,"href":"https:\/\/qx1.org\/ar\/wp-json\/wp\/v2\/comments?post=107839"}],"version-history":[{"count":43,"href":"https:\/\/qx1.org\/ar\/wp-json\/wp\/v2\/pages\/107839\/revisions"}],"predecessor-version":[{"id":109694,"href":"https:\/\/qx1.org\/ar\/wp-json\/wp\/v2\/pages\/107839\/revisions\/109694"}],"wp:attachment":[{"href":"https:\/\/qx1.org\/ar\/wp-json\/wp\/v2\/media?parent=107839"}],"curies":[{"name":"wp","href":"https:\/\/api.w.org\/{rel}","templated":true}]}}