{"id":104756,"date":"2023-05-23T22:28:55","date_gmt":"2023-05-23T20:28:55","guid":{"rendered":"https:\/\/qx1.org\/?page_id=104756"},"modified":"2026-02-19T11:12:18","modified_gmt":"2026-02-19T09:12:18","slug":"brochures","status":"publish","type":"page","link":"https:\/\/qx1.org\/ar\/brochures\/","title":{"rendered":"Brochures QX1"},"content":{"rendered":"\n<p>Depuis son lancement, QX1 Welcome Map est pens\u00e9 comme une plateforme compos\u00e9 d&#8217;outils num\u00e9riques et supports papiers multilingues, con\u00e7us pour faciliter l&#8217;acc\u00e8s \u00e0 nos informations aux diff\u00e9rents publics. <\/p>\n\n\n\n<p>Ces brochures sont le fruit du travail en partenariat avec des associations et collectifs qui accompagnent des personnes migrantes et\/ou en situation de pr\u00e9carit\u00e9. <\/p>\n\n\n\n<div class=\"wp-block-columns has-white-background-color has-background is-layout-flex wp-container-core-columns-is-layout-9d6595d7 wp-block-columns-is-layout-flex\">\n<div class=\"wp-block-column is-layout-flow wp-block-column-is-layout-flow\" style=\"font-size:16px;flex-basis:220px\">\n<p class=\"has-text-align-center\"><strong>Guide Mineur\u00b7es<\/strong><\/p>\n\n\n\n<div style=\"height:23px\" aria-hidden=\"true\" class=\"wp-block-spacer\"><\/div>\n\n\n<div class=\"wp-block-image is-style-default\">\n<figure class=\"aligncenter size-thumbnail is-resized\"><a href=\"https:\/\/qx1.org\/guide-mineurs-etrangers\/\"><img loading=\"lazy\" decoding=\"async\" width=\"150\" height=\"150\" src=\"https:\/\/qx1.org\/wp-content\/uploads\/2023\/05\/thumb_guide_wp-1-150x150.png\" alt=\"\" class=\"wp-image-104757\" style=\"width:220px\"\/><\/a><\/figure>\n<\/div>\n\n\n<div style=\"height:23px\" aria-hidden=\"true\" class=\"wp-block-spacer\"><\/div>\n\n\n\n<p class=\"has-text-align-center has-small-font-size\">Ressources et informations de premi\u00e8re n\u00e9cessit\u00e9 destin\u00e9es aux nouveaux\u00b7elles arrivant\u00b7es.<\/p>\n\n\n\n<p class=\"has-text-align-center has-small-font-size\"><strong><a href=\"https:\/\/qx1.org\/wp-content\/uploads\/2023\/05\/Guide-Mineurs-QX1-Welcome-Map-Marseille.pdf\">T\u00e9l\u00e9charger le PDF<\/a><\/strong><\/p>\n\n\n\n<p class=\"has-text-align-center has-small-font-size\"><a href=\"https:\/\/qx1.org\/wp-content\/uploads\/2023\/05\/Guide-Mineurs-Marseille-NB.pdf\" target=\"_blank\" rel=\"noreferrer noopener\"><strong>Version noir et blanc<\/strong><\/a><\/p>\n<\/div>\n\n\n\n<div class=\"wp-block-column is-layout-flow wp-block-column-is-layout-flow\">\n<div style=\"height:116px\" aria-hidden=\"true\" class=\"wp-block-spacer\"><\/div>\n<\/div>\n\n\n\n<div class=\"wp-block-column has-white-background-color has-background is-layout-flow wp-block-column-is-layout-flow\" style=\"font-size:16px;flex-basis:60px\">\n<p class=\"has-text-align-center\"><\/p>\n\n\n\n<div style=\"height:17px\" aria-hidden=\"true\" class=\"wp-block-spacer\"><\/div>\n\n\n\n<p class=\"has-text-align-center\" style=\"font-size:12px\"><\/p>\n\n\n\n<p class=\"has-text-align-center has-small-font-size\"><\/p>\n<\/div>\n\n\n\n<div class=\"wp-block-column is-layout-flow wp-block-column-is-layout-flow\">\n<div style=\"height:115px\" aria-hidden=\"true\" class=\"wp-block-spacer\"><\/div>\n<\/div>\n\n\n\n<div class=\"wp-block-column is-layout-flow wp-block-column-is-layout-flow\" style=\"font-size:16px;flex-basis:220px\">\n<p class=\"has-text-align-center\"><strong>Outils d&#8217;orientation 3e arrdt.<\/strong><\/p>\n\n\n\n<div style=\"height:23px\" aria-hidden=\"true\" class=\"wp-block-spacer\"><\/div>\n\n\n<div class=\"wp-block-image is-style-default\">\n<figure class=\"aligncenter size-thumbnail is-resized\"><a href=\"https:\/\/qx1.org\/guide-orientation-cad\/\"><img loading=\"lazy\" decoding=\"async\" width=\"150\" height=\"150\" src=\"https:\/\/qx1.org\/wp-content\/uploads\/2026\/02\/thumb-Guide-ASM-150x150.png\" alt=\"\" class=\"wp-image-109672\" style=\"object-fit:cover;width:220px;height:auto\"\/><\/a><\/figure>\n<\/div>\n\n\n<div style=\"height:23px\" aria-hidden=\"true\" class=\"wp-block-spacer\"><\/div>\n\n\n\n<p class=\"has-text-align-center\" style=\"font-size:12px\">Outils d&#8217;orientation au sein du 3e arrondissement, \u00e9dit\u00e9 dans le cadre de notre partenariat avec le Collectif d&#8217;Acc\u00e8s aux Droits du 3e (CAD)<\/p>\n\n\n\n<p class=\"has-text-align-center has-small-font-size\"><a href=\"https:\/\/qx1.org\/guide-orientation-cad\/\" target=\"_blank\" rel=\"noreferrer noopener\"><strong>Voir la Page d\u00e9di\u00e9e<\/strong><\/a><\/p>\n<\/div>\n<\/div>\n\n\n\n<div class=\"wp-block-columns has-white-background-color has-background is-layout-flex wp-container-core-columns-is-layout-9d6595d7 wp-block-columns-is-layout-flex\">\n<div class=\"wp-block-column is-layout-flow wp-block-column-is-layout-flow\" style=\"font-size:16px;flex-basis:220px\">\n<p class=\"has-text-align-center\"><strong>Doc Bienvenu\u00b7es<\/strong><\/p>\n\n\n\n<div style=\"height:23px\" aria-hidden=\"true\" class=\"wp-block-spacer\"><\/div>\n\n\n\n<div style=\"height:15px\" aria-hidden=\"true\" class=\"wp-block-spacer\"><\/div>\n\n\n<div class=\"wp-block-image is-style-default\">\n<figure class=\"aligncenter size-medium\"><img loading=\"lazy\" decoding=\"async\" width=\"300\" height=\"206\" src=\"https:\/\/qx1.org\/wp-content\/uploads\/2024\/11\/thumb-bienve-300x206.webp\" alt=\"\" class=\"wp-image-107335\" srcset=\"https:\/\/qx1.org\/wp-content\/uploads\/2024\/11\/thumb-bienve-300x206.webp 300w, https:\/\/qx1.org\/wp-content\/uploads\/2024\/11\/thumb-bienve-png.webp 589w\" sizes=\"auto, (max-width: 300px) 100vw, 300px\" \/><\/figure>\n<\/div>\n\n\n<div style=\"height:23px\" aria-hidden=\"true\" class=\"wp-block-spacer\"><\/div>\n\n\n\n<p class=\"has-text-align-center has-small-font-size\">Ressources et informations de premi\u00e8re n\u00e9cessit\u00e9 destin\u00e9es aux nouveaux\u00b7elles arrivant\u00b7es.<\/p>\n\n\n\n<p class=\"has-text-align-center has-small-font-size\"><strong><a href=\"https:\/\/qx1.org\/wp-content\/uploads\/2024\/11\/Doc-Bienvenu-Nov24-V2.pdf\" target=\"_blank\" rel=\"noreferrer noopener\">T\u00e9l\u00e9charger le PDF<\/a><\/strong><\/p>\n\n\n\n<p class=\"has-text-align-center has-small-font-size\"><a href=\"https:\/\/qx1.org\/wp-content\/uploads\/2025\/09\/bienvenu_Arabe-2024-A5.pdf\" target=\"_blank\" rel=\"noreferrer noopener\"><strong>T\u00e9l\u00e9charger Vers. Arabe<\/strong><\/a><\/p>\n<\/div>\n\n\n\n<div class=\"wp-block-column is-layout-flow wp-block-column-is-layout-flow\">\n<div style=\"height:116px\" aria-hidden=\"true\" class=\"wp-block-spacer\"><\/div>\n<\/div>\n\n\n\n<div class=\"wp-block-column has-white-background-color has-background is-layout-flow wp-block-column-is-layout-flow\" style=\"font-size:16px;flex-basis:60px\">\n<p class=\"has-text-align-center\"><\/p>\n\n\n\n<div style=\"height:17px\" aria-hidden=\"true\" class=\"wp-block-spacer\"><\/div>\n\n\n\n<p class=\"has-text-align-center\" style=\"font-size:12px\"><\/p>\n\n\n\n<p class=\"has-text-align-center has-small-font-size\"><\/p>\n<\/div>\n\n\n\n<div class=\"wp-block-column is-layout-flow wp-block-column-is-layout-flow\">\n<div style=\"height:115px\" aria-hidden=\"true\" class=\"wp-block-spacer\"><\/div>\n<\/div>\n\n\n\n<div class=\"wp-block-column is-layout-flow wp-block-column-is-layout-flow\" style=\"font-size:16px;flex-basis:220px\">\n<p class=\"has-text-align-center\"><strong><strong>Cartographie Maraudes<\/strong><\/strong><\/p>\n\n\n\n<div style=\"height:23px\" aria-hidden=\"true\" class=\"wp-block-spacer\"><\/div>\n\n\n<div class=\"wp-block-image is-style-default\">\n<figure class=\"aligncenter size-thumbnail is-resized\"><a href=\"https:\/\/qx1.org\/maraudes-marseille\/\"><img loading=\"lazy\" decoding=\"async\" width=\"150\" height=\"150\" src=\"https:\/\/qx1.org\/wp-content\/uploads\/2023\/05\/thumb-maraudes-150x150.png\" alt=\"\" class=\"wp-image-104761\" style=\"object-fit:cover;width:220px;height:auto\"\/><\/a><\/figure>\n<\/div>\n\n\n<div style=\"height:23px\" aria-hidden=\"true\" class=\"wp-block-spacer\"><\/div>\n\n\n\n<p class=\"has-text-align-center\" style=\"font-size:12px\">Cartographie des distributions de repas et kit hygi\u00e8ne.<\/p>\n\n\n\n<p class=\"has-text-align-center has-small-font-size\"><a href=\"https:\/\/qx1.org\/maraudes-marseille\/\" target=\"_blank\" rel=\"noreferrer noopener\"><strong>Voir la Page d\u00e9di\u00e9e<\/strong><\/a><\/p>\n\n\n\n<p class=\"has-text-align-center has-small-font-size\"><strong><a href=\"https:\/\/qx1.org\/wp-content\/uploads\/2022\/11\/Cartes-A4-Maraudes-QX1-Marseille-Nov22-Retino.pdf\" target=\"_blank\" rel=\"noreferrer noopener\">T\u00e9l\u00e9charger le PDF<\/a><\/strong><\/p>\n\n\n\n<p><\/p>\n<\/div>\n<\/div>\n\n\n\n<p><\/p>\n","protected":false},"excerpt":{"rendered":"<p>Depuis son lancement, QX1 Welcome Map est pens\u00e9 comme une plateforme compos\u00e9 d&#8217;outils num\u00e9riques et supports papiers multilingues, con\u00e7us pour faciliter l&#8217;acc\u00e8s \u00e0 nos informations aux diff\u00e9rents publics. Ces brochures sont le fruit du travail en partenariat avec des associations et collectifs qui accompagnent des personnes migrantes et\/ou en situation de pr\u00e9carit\u00e9. Guide Mineur\u00b7es Ressources [&hellip;]<\/p>\n","protected":false},"author":8,"featured_media":0,"parent":0,"menu_order":0,"comment_status":"closed","ping_status":"closed","template":"","meta":{"_acf_changed":false,"_monsterinsights_skip_tracking":false,"_monsterinsights_sitenote_active":false,"_monsterinsights_sitenote_note":"","_monsterinsights_sitenote_category":0,"powered_cache_disable_cache":false,"footnotes":""},"class_list":["post-104756","page","type-page","status-publish","hentry"],"acf":[],"yoast_head":"<!-- This site is optimized with the Yoast SEO plugin v27.4 - https:\/\/yoast.com\/product\/yoast-seo-wordpress\/ -->\n<title>Brochures QX1 - \u0645\u0631\u0633\u064a\u0644\u064a\u0627 - QX1 Welcome Map<\/title>\n<meta name=\"robots\" content=\"index, follow, max-snippet:-1, max-image-preview:large, max-video-preview:-1\" \/>\n<link rel=\"canonical\" href=\"https:\/\/qx1.org\/ar\/brochures\/\" \/>\n<meta property=\"og:locale\" content=\"ar_AR\" \/>\n<meta property=\"og:type\" content=\"article\" \/>\n<meta property=\"og:title\" content=\"Brochures QX1 - \u0645\u0631\u0633\u064a\u0644\u064a\u0627 - QX1 Welcome Map\" \/>\n<meta property=\"og:description\" content=\"Depuis son lancement, QX1 Welcome Map est pens\u00e9 comme une plateforme compos\u00e9 d&#8217;outils num\u00e9riques et supports papiers multilingues, con\u00e7us pour faciliter l&#8217;acc\u00e8s \u00e0 nos informations aux diff\u00e9rents publics. Ces brochures sont le fruit du travail en partenariat avec des associations et collectifs qui accompagnent des personnes migrantes et\/ou en situation de pr\u00e9carit\u00e9. Guide Mineur\u00b7es Ressources [&hellip;]\" \/>\n<meta property=\"og:url\" content=\"https:\/\/qx1.org\/ar\/brochures\/\" \/>\n<meta property=\"og:site_name\" content=\"\u0645\u0631\u0633\u064a\u0644\u064a\u0627 - QX1 Welcome Map\" \/>\n<meta property=\"article:publisher\" content=\"https:\/\/www.facebook.com\/qx1.marseille\/\" \/>\n<meta property=\"article:modified_time\" content=\"2026-02-19T09:12:18+00:00\" \/>\n<meta property=\"og:image\" content=\"https:\/\/qx1.org\/wp-content\/uploads\/2023\/05\/thumb_guide_wp-1.png\" \/>\n\t<meta property=\"og:image:width\" content=\"910\" \/>\n\t<meta property=\"og:image:height\" content=\"718\" \/>\n\t<meta property=\"og:image:type\" content=\"image\/png\" \/>\n<meta name=\"twitter:card\" content=\"summary_large_image\" \/>\n<meta name=\"twitter:label1\" content=\"\u0648\u0642\u062a \u0627\u0644\u0642\u0631\u0627\u0621\u0629 \u0627\u0644\u0645\u064f\u0642\u062f\u0651\u0631\" \/>\n\t<meta name=\"twitter:data1\" content=\"\u062f\u0642\u064a\u0642\u062a\u0627\u0646\" \/>\n<script type=\"application\/ld+json\" class=\"yoast-schema-graph\">{\"@context\":\"https:\\\/\\\/schema.org\",\"@graph\":[{\"@type\":\"WebPage\",\"@id\":\"https:\\\/\\\/qx1.org\\\/ar\\\/brochures\\\/\",\"url\":\"https:\\\/\\\/qx1.org\\\/ar\\\/brochures\\\/\",\"name\":\"Brochures QX1 - \u0645\u0631\u0633\u064a\u0644\u064a\u0627 - QX1 Welcome Map\",\"isPartOf\":{\"@id\":\"https:\\\/\\\/qx1.org\\\/ar\\\/#website\"},\"primaryImageOfPage\":{\"@id\":\"https:\\\/\\\/qx1.org\\\/ar\\\/brochures\\\/#primaryimage\"},\"image\":{\"@id\":\"https:\\\/\\\/qx1.org\\\/ar\\\/brochures\\\/#primaryimage\"},\"thumbnailUrl\":\"https:\\\/\\\/qx1.org\\\/wp-content\\\/uploads\\\/2023\\\/05\\\/thumb_guide_wp-1-150x150.png\",\"datePublished\":\"2023-05-23T20:28:55+00:00\",\"dateModified\":\"2026-02-19T09:12:18+00:00\",\"inLanguage\":\"ar\",\"potentialAction\":[{\"@type\":\"ReadAction\",\"target\":[\"https:\\\/\\\/qx1.org\\\/ar\\\/brochures\\\/\"]}]},{\"@type\":\"ImageObject\",\"inLanguage\":\"ar\",\"@id\":\"https:\\\/\\\/qx1.org\\\/ar\\\/brochures\\\/#primaryimage\",\"url\":\"https:\\\/\\\/qx1.org\\\/wp-content\\\/uploads\\\/2023\\\/05\\\/thumb_guide_wp-1-150x150.png\",\"contentUrl\":\"https:\\\/\\\/qx1.org\\\/wp-content\\\/uploads\\\/2023\\\/05\\\/thumb_guide_wp-1-150x150.png\"},{\"@type\":\"WebSite\",\"@id\":\"https:\\\/\\\/qx1.org\\\/ar\\\/#website\",\"url\":\"https:\\\/\\\/qx1.org\\\/ar\\\/\",\"name\":\"\u0645\u0631\u0633\u064a\u0644\u064a\u0627 - QX1 Welcome Map\",\"description\":\"\u062a\u062c\u0645\u064a\u0639 \u0648\u0645\u0634\u0627\u0631\u0643\u0629 \u062a\u062c\u0627\u0631\u0628 \u0627\u0644\u0645\u0647\u0627\u062c\u0631\u064a\u0646 \",\"publisher\":{\"@id\":\"https:\\\/\\\/qx1.org\\\/ar\\\/#organization\"},\"alternateName\":\"QX1 Marseille\",\"potentialAction\":[{\"@type\":\"SearchAction\",\"target\":{\"@type\":\"EntryPoint\",\"urlTemplate\":\"https:\\\/\\\/qx1.org\\\/ar\\\/?s={search_term_string}\"},\"query-input\":{\"@type\":\"PropertyValueSpecification\",\"valueRequired\":true,\"valueName\":\"search_term_string\"}}],\"inLanguage\":\"ar\"},{\"@type\":\"Organization\",\"@id\":\"https:\\\/\\\/qx1.org\\\/ar\\\/#organization\",\"name\":\"Association QX1 - Marseille\",\"url\":\"https:\\\/\\\/qx1.org\\\/ar\\\/\",\"logo\":{\"@type\":\"ImageObject\",\"inLanguage\":\"ar\",\"@id\":\"https:\\\/\\\/qx1.org\\\/ar\\\/#\\\/schema\\\/logo\\\/image\\\/\",\"url\":\"https:\\\/\\\/qx1.org\\\/wp-content\\\/uploads\\\/2024\\\/06\\\/cropped-QX1-Logo-Rond-Thumbnail.png\",\"contentUrl\":\"https:\\\/\\\/qx1.org\\\/wp-content\\\/uploads\\\/2024\\\/06\\\/cropped-QX1-Logo-Rond-Thumbnail.png\",\"width\":512,\"height\":512,\"caption\":\"Association QX1 - Marseille\"},\"image\":{\"@id\":\"https:\\\/\\\/qx1.org\\\/ar\\\/#\\\/schema\\\/logo\\\/image\\\/\"},\"sameAs\":[\"https:\\\/\\\/www.facebook.com\\\/qx1.marseille\\\/\"]}]}<\/script>\n<!-- \/ Yoast SEO plugin. -->","yoast_head_json":{"title":"Brochures QX1 - \u0645\u0631\u0633\u064a\u0644\u064a\u0627 - QX1 Welcome Map","robots":{"index":"index","follow":"follow","max-snippet":"max-snippet:-1","max-image-preview":"max-image-preview:large","max-video-preview":"max-video-preview:-1"},"canonical":"https:\/\/qx1.org\/ar\/brochures\/","og_locale":"ar_AR","og_type":"article","og_title":"Brochures QX1 - \u0645\u0631\u0633\u064a\u0644\u064a\u0627 - QX1 Welcome Map","og_description":"Depuis son lancement, QX1 Welcome Map est pens\u00e9 comme une plateforme compos\u00e9 d&#8217;outils num\u00e9riques et supports papiers multilingues, con\u00e7us pour faciliter l&#8217;acc\u00e8s \u00e0 nos informations aux diff\u00e9rents publics. Ces brochures sont le fruit du travail en partenariat avec des associations et collectifs qui accompagnent des personnes migrantes et\/ou en situation de pr\u00e9carit\u00e9. Guide Mineur\u00b7es Ressources [&hellip;]","og_url":"https:\/\/qx1.org\/ar\/brochures\/","og_site_name":"\u0645\u0631\u0633\u064a\u0644\u064a\u0627 - QX1 Welcome Map","article_publisher":"https:\/\/www.facebook.com\/qx1.marseille\/","article_modified_time":"2026-02-19T09:12:18+00:00","og_image":[{"width":910,"height":718,"url":"https:\/\/qx1.org\/wp-content\/uploads\/2023\/05\/thumb_guide_wp-1.png","type":"image\/png"}],"twitter_card":"summary_large_image","twitter_misc":{"\u0648\u0642\u062a \u0627\u0644\u0642\u0631\u0627\u0621\u0629 \u0627\u0644\u0645\u064f\u0642\u062f\u0651\u0631":"\u062f\u0642\u064a\u0642\u062a\u0627\u0646"},"schema":{"@context":"https:\/\/schema.org","@graph":[{"@type":"WebPage","@id":"https:\/\/qx1.org\/ar\/brochures\/","url":"https:\/\/qx1.org\/ar\/brochures\/","name":"Brochures QX1 - \u0645\u0631\u0633\u064a\u0644\u064a\u0627 - QX1 Welcome Map","isPartOf":{"@id":"https:\/\/qx1.org\/ar\/#website"},"primaryImageOfPage":{"@id":"https:\/\/qx1.org\/ar\/brochures\/#primaryimage"},"image":{"@id":"https:\/\/qx1.org\/ar\/brochures\/#primaryimage"},"thumbnailUrl":"https:\/\/qx1.org\/wp-content\/uploads\/2023\/05\/thumb_guide_wp-1-150x150.png","datePublished":"2023-05-23T20:28:55+00:00","dateModified":"2026-02-19T09:12:18+00:00","inLanguage":"ar","potentialAction":[{"@type":"ReadAction","target":["https:\/\/qx1.org\/ar\/brochures\/"]}]},{"@type":"ImageObject","inLanguage":"ar","@id":"https:\/\/qx1.org\/ar\/brochures\/#primaryimage","url":"https:\/\/qx1.org\/wp-content\/uploads\/2023\/05\/thumb_guide_wp-1-150x150.png","contentUrl":"https:\/\/qx1.org\/wp-content\/uploads\/2023\/05\/thumb_guide_wp-1-150x150.png"},{"@type":"WebSite","@id":"https:\/\/qx1.org\/ar\/#website","url":"https:\/\/qx1.org\/ar\/","name":"\u0645\u0631\u0633\u064a\u0644\u064a\u0627 - QX1 Welcome Map","description":"\u062a\u062c\u0645\u064a\u0639 \u0648\u0645\u0634\u0627\u0631\u0643\u0629 \u062a\u062c\u0627\u0631\u0628 \u0627\u0644\u0645\u0647\u0627\u062c\u0631\u064a\u0646 ","publisher":{"@id":"https:\/\/qx1.org\/ar\/#organization"},"alternateName":"QX1 Marseille","potentialAction":[{"@type":"SearchAction","target":{"@type":"EntryPoint","urlTemplate":"https:\/\/qx1.org\/ar\/?s={search_term_string}"},"query-input":{"@type":"PropertyValueSpecification","valueRequired":true,"valueName":"search_term_string"}}],"inLanguage":"ar"},{"@type":"Organization","@id":"https:\/\/qx1.org\/ar\/#organization","name":"Association QX1 - Marseille","url":"https:\/\/qx1.org\/ar\/","logo":{"@type":"ImageObject","inLanguage":"ar","@id":"https:\/\/qx1.org\/ar\/#\/schema\/logo\/image\/","url":"https:\/\/qx1.org\/wp-content\/uploads\/2024\/06\/cropped-QX1-Logo-Rond-Thumbnail.png","contentUrl":"https:\/\/qx1.org\/wp-content\/uploads\/2024\/06\/cropped-QX1-Logo-Rond-Thumbnail.png","width":512,"height":512,"caption":"Association QX1 - Marseille"},"image":{"@id":"https:\/\/qx1.org\/ar\/#\/schema\/logo\/image\/"},"sameAs":["https:\/\/www.facebook.com\/qx1.marseille\/"]}]}},"_links":{"self":[{"href":"https:\/\/qx1.org\/ar\/wp-json\/wp\/v2\/pages\/104756","targetHints":{"allow":["GET"]}}],"collection":[{"href":"https:\/\/qx1.org\/ar\/wp-json\/wp\/v2\/pages"}],"about":[{"href":"https:\/\/qx1.org\/ar\/wp-json\/wp\/v2\/types\/page"}],"author":[{"embeddable":true,"href":"https:\/\/qx1.org\/ar\/wp-json\/wp\/v2\/users\/8"}],"replies":[{"embeddable":true,"href":"https:\/\/qx1.org\/ar\/wp-json\/wp\/v2\/comments?post=104756"}],"version-history":[{"count":60,"href":"https:\/\/qx1.org\/ar\/wp-json\/wp\/v2\/pages\/104756\/revisions"}],"predecessor-version":[{"id":109708,"href":"https:\/\/qx1.org\/ar\/wp-json\/wp\/v2\/pages\/104756\/revisions\/109708"}],"wp:attachment":[{"href":"https:\/\/qx1.org\/ar\/wp-json\/wp\/v2\/media?parent=104756"}],"curies":[{"name":"wp","href":"https:\/\/api.w.org\/{rel}","templated":true}]}}