{"id":104741,"date":"2023-05-23T18:49:52","date_gmt":"2023-05-23T16:49:52","guid":{"rendered":"https:\/\/qx1.org\/?page_id=104741"},"modified":"2024-12-10T20:18:19","modified_gmt":"2024-12-10T18:18:19","slug":"guide-mineurs-etrangers","status":"publish","type":"page","link":"https:\/\/qx1.org\/ar\/guide-mineurs-etrangers\/","title":{"rendered":"Guide pratique pour les mineur.es \u00e9tranger.es \u00e0 Marseille"},"content":{"rendered":"\n<p>Nouvelle brochure QX1, r\u00e9alis\u00e9e \u00e0 l&#8217;issue du cycle de formation &#8220;Les droits des mineurs migrants : De quoi parle-t-on concr\u00e8tement ?&#8221;, dans le cadre d&#8217;un partenariat avec Soliha. Le <strong>Guide pratique \u00e0 destination des mineur\u00b7es \u00e9tranger\u00b7es, de leurs familles et de leurs accompagnant\u00b7es<\/strong> est un r\u00e9pertoire &#8211; avec une carte en page centrale &#8211; des structures publiques, associatives ou militantes qui repr\u00e9sentent des ressources pour les mineur\u00b7es qui arrivent \u00e0 Marseille. <\/p>\n\n\n\n<p>Dans l&#8217;encart de chaque structure pr\u00e9sent\u00e9e, un flashcode permet d&#8217;acc\u00e9der directement \u00e0 sa <a href=\"http:\/\/qx1.org\/audio\" target=\"_blank\" rel=\"noreferrer noopener\">pr\u00e9sentation audio multilingue<\/a>, \u00e0 \u00e9couter sur le site qx1.org. <\/p>\n\n\n\n<figure class=\"wp-block-image size-large is-resized\"><img loading=\"lazy\" decoding=\"async\" width=\"1024\" height=\"330\" src=\"https:\/\/qx1.org\/wp-content\/uploads\/2023\/05\/image-1024x330.png\" alt=\"\" class=\"wp-image-104750\" style=\"width:720px;height:auto\" srcset=\"https:\/\/qx1.org\/wp-content\/uploads\/2023\/05\/image-1024x330.png 1024w, https:\/\/qx1.org\/wp-content\/uploads\/2023\/05\/image-300x97.png 300w, https:\/\/qx1.org\/wp-content\/uploads\/2023\/05\/image-768x247.png 768w, https:\/\/qx1.org\/wp-content\/uploads\/2023\/05\/image.png 1530w\" sizes=\"auto, (max-width: 1024px) 100vw, 1024px\" \/><\/figure>\n\n\n\n<p>Ce guide est imprim\u00e9 et distribu\u00e9 par plusieurs collectifs marseillais, et aussi en libre t\u00e9l\u00e9chargement ci-dessous (<em>livret \u00e0 imprimer sur 3 feuilles A4 recto-verso, \u00e0 plier de fa\u00e7on \u00e0 laisser le plan de Marseille en page centrale<\/em>)&nbsp;: <\/p>\n\n\n\n<figure class=\"wp-block-image size-large is-resized\"><a href=\"https:\/\/qx1.org\/wp-content\/uploads\/2023\/05\/Guide-Mineurs-QX1-Welcome-Map-Marseille.pdf\" target=\"_blank\" rel=\" noreferrer noopener\"><img loading=\"lazy\" decoding=\"async\" width=\"1024\" height=\"422\" src=\"https:\/\/qx1.org\/wp-content\/uploads\/2024\/12\/thumb-Mineur-Prefabrique-1024x422.webp\" alt=\"\" class=\"wp-image-107370\" style=\"width:667px;height:auto\" srcset=\"https:\/\/qx1.org\/wp-content\/uploads\/2024\/12\/thumb-Mineur-Prefabrique-1024x422.webp 1024w, https:\/\/qx1.org\/wp-content\/uploads\/2024\/12\/thumb-Mineur-Prefabrique-300x124.webp 300w, https:\/\/qx1.org\/wp-content\/uploads\/2024\/12\/thumb-Mineur-Prefabrique-768x317.webp 768w, https:\/\/qx1.org\/wp-content\/uploads\/2024\/12\/thumb-Mineur-Prefabrique-1536x633.webp 1536w, https:\/\/qx1.org\/wp-content\/uploads\/2024\/12\/thumb-Mineur-Prefabrique-2048x844.webp 2048w\" sizes=\"auto, (max-width: 1024px) 100vw, 1024px\" \/><\/a><\/figure>\n\n\n\n<hr class=\"wp-block-separator has-alpha-channel-opacity\"\/>\n\n\n\n<figure class=\"wp-block-image size-large is-resized\"><a href=\"https:\/\/qx1.org\/wp-content\/uploads\/2023\/05\/Guide-Mineurs-Marseille-NB.pdf\" target=\"_blank\" rel=\" noreferrer noopener\"><img loading=\"lazy\" decoding=\"async\" width=\"1024\" height=\"422\" src=\"https:\/\/qx1.org\/wp-content\/uploads\/2024\/12\/thumb-Mineur-Prefabrique-NB-1024x422.webp\" alt=\"\" class=\"wp-image-107374\" style=\"width:665px;height:auto\" srcset=\"https:\/\/qx1.org\/wp-content\/uploads\/2024\/12\/thumb-Mineur-Prefabrique-NB-1024x422.webp 1024w, https:\/\/qx1.org\/wp-content\/uploads\/2024\/12\/thumb-Mineur-Prefabrique-NB-300x124.webp 300w, https:\/\/qx1.org\/wp-content\/uploads\/2024\/12\/thumb-Mineur-Prefabrique-NB-768x317.webp 768w, https:\/\/qx1.org\/wp-content\/uploads\/2024\/12\/thumb-Mineur-Prefabrique-NB-1536x633.webp 1536w, https:\/\/qx1.org\/wp-content\/uploads\/2024\/12\/thumb-Mineur-Prefabrique-NB-2048x844.webp 2048w\" sizes=\"auto, (max-width: 1024px) 100vw, 1024px\" \/><\/a><\/figure>\n\n\n\n<hr class=\"wp-block-separator has-alpha-channel-opacity\"\/>\n\n\n\n<p>Retrouvez tous nos supports d&#8217;information \u00e0 t\u00e9l\u00e9charger sur notre page <a href=\"https:\/\/qx1.org\/brochures\/\">Brochures QX1<\/a><\/p>\n\n\n\n<p><\/p>\n","protected":false},"excerpt":{"rendered":"<p>Nouvelle brochure QX1, r\u00e9alis\u00e9e \u00e0 l&#8217;issue du cycle de formation &#8220;Les droits des mineurs migrants : De quoi parle-t-on concr\u00e8tement ?&#8221;, dans le cadre d&#8217;un partenariat avec Soliha. Le Guide pratique \u00e0 destination des mineur\u00b7es \u00e9tranger\u00b7es, de leurs familles et de leurs accompagnant\u00b7es est un r\u00e9pertoire &#8211; avec une carte en page centrale &#8211; des [&hellip;]<\/p>\n","protected":false},"author":8,"featured_media":0,"parent":0,"menu_order":0,"comment_status":"closed","ping_status":"closed","template":"","meta":{"_acf_changed":false,"_monsterinsights_skip_tracking":false,"_monsterinsights_sitenote_active":false,"_monsterinsights_sitenote_note":"","_monsterinsights_sitenote_category":0,"powered_cache_disable_cache":false,"footnotes":""},"class_list":["post-104741","page","type-page","status-publish","hentry"],"acf":[],"yoast_head":"<!-- This site is optimized with the Yoast SEO plugin v27.4 - https:\/\/yoast.com\/product\/yoast-seo-wordpress\/ -->\n<title>Guide pratique pour les mineur.es \u00e9tranger.es \u00e0 Marseille - \u0645\u0631\u0633\u064a\u0644\u064a\u0627 - QX1 Welcome Map<\/title>\n<meta name=\"robots\" content=\"index, follow, max-snippet:-1, max-image-preview:large, max-video-preview:-1\" \/>\n<link rel=\"canonical\" href=\"https:\/\/qx1.org\/ar\/guide-mineurs-etrangers\/\" \/>\n<meta property=\"og:locale\" content=\"ar_AR\" \/>\n<meta property=\"og:type\" content=\"article\" \/>\n<meta property=\"og:title\" content=\"Guide pratique pour les mineur.es \u00e9tranger.es \u00e0 Marseille - \u0645\u0631\u0633\u064a\u0644\u064a\u0627 - QX1 Welcome Map\" \/>\n<meta property=\"og:description\" content=\"Nouvelle brochure QX1, r\u00e9alis\u00e9e \u00e0 l&#8217;issue du cycle de formation &#8220;Les droits des mineurs migrants : De quoi parle-t-on concr\u00e8tement ?&#8221;, dans le cadre d&#8217;un partenariat avec Soliha. Le Guide pratique \u00e0 destination des mineur\u00b7es \u00e9tranger\u00b7es, de leurs familles et de leurs accompagnant\u00b7es est un r\u00e9pertoire &#8211; avec une carte en page centrale &#8211; des [&hellip;]\" \/>\n<meta property=\"og:url\" content=\"https:\/\/qx1.org\/ar\/guide-mineurs-etrangers\/\" \/>\n<meta property=\"og:site_name\" content=\"\u0645\u0631\u0633\u064a\u0644\u064a\u0627 - QX1 Welcome Map\" \/>\n<meta property=\"article:publisher\" content=\"https:\/\/www.facebook.com\/qx1.marseille\/\" \/>\n<meta property=\"article:modified_time\" content=\"2024-12-10T18:18:19+00:00\" \/>\n<meta property=\"og:image\" content=\"https:\/\/qx1.org\/wp-content\/uploads\/2023\/05\/image.png\" \/>\n\t<meta property=\"og:image:width\" content=\"1530\" \/>\n\t<meta property=\"og:image:height\" content=\"493\" \/>\n\t<meta property=\"og:image:type\" content=\"image\/png\" \/>\n<meta name=\"twitter:card\" content=\"summary_large_image\" \/>\n<meta name=\"twitter:label1\" content=\"\u0648\u0642\u062a \u0627\u0644\u0642\u0631\u0627\u0621\u0629 \u0627\u0644\u0645\u064f\u0642\u062f\u0651\u0631\" \/>\n\t<meta name=\"twitter:data1\" content=\"\u062f\u0642\u064a\u0642\u062a\u0627\u0646\" \/>\n<script type=\"application\/ld+json\" class=\"yoast-schema-graph\">{\"@context\":\"https:\\\/\\\/schema.org\",\"@graph\":[{\"@type\":\"WebPage\",\"@id\":\"https:\\\/\\\/qx1.org\\\/ar\\\/guide-mineurs-etrangers\\\/\",\"url\":\"https:\\\/\\\/qx1.org\\\/ar\\\/guide-mineurs-etrangers\\\/\",\"name\":\"Guide pratique pour les mineur.es \u00e9tranger.es \u00e0 Marseille - \u0645\u0631\u0633\u064a\u0644\u064a\u0627 - QX1 Welcome Map\",\"isPartOf\":{\"@id\":\"https:\\\/\\\/qx1.org\\\/ar\\\/#website\"},\"primaryImageOfPage\":{\"@id\":\"https:\\\/\\\/qx1.org\\\/ar\\\/guide-mineurs-etrangers\\\/#primaryimage\"},\"image\":{\"@id\":\"https:\\\/\\\/qx1.org\\\/ar\\\/guide-mineurs-etrangers\\\/#primaryimage\"},\"thumbnailUrl\":\"https:\\\/\\\/qx1.org\\\/wp-content\\\/uploads\\\/2023\\\/05\\\/image-1024x330.png\",\"datePublished\":\"2023-05-23T16:49:52+00:00\",\"dateModified\":\"2024-12-10T18:18:19+00:00\",\"inLanguage\":\"ar\",\"potentialAction\":[{\"@type\":\"ReadAction\",\"target\":[\"https:\\\/\\\/qx1.org\\\/ar\\\/guide-mineurs-etrangers\\\/\"]}]},{\"@type\":\"ImageObject\",\"inLanguage\":\"ar\",\"@id\":\"https:\\\/\\\/qx1.org\\\/ar\\\/guide-mineurs-etrangers\\\/#primaryimage\",\"url\":\"https:\\\/\\\/qx1.org\\\/wp-content\\\/uploads\\\/2023\\\/05\\\/image-1024x330.png\",\"contentUrl\":\"https:\\\/\\\/qx1.org\\\/wp-content\\\/uploads\\\/2023\\\/05\\\/image-1024x330.png\"},{\"@type\":\"WebSite\",\"@id\":\"https:\\\/\\\/qx1.org\\\/ar\\\/#website\",\"url\":\"https:\\\/\\\/qx1.org\\\/ar\\\/\",\"name\":\"\u0645\u0631\u0633\u064a\u0644\u064a\u0627 - QX1 Welcome Map\",\"description\":\"\u062a\u062c\u0645\u064a\u0639 \u0648\u0645\u0634\u0627\u0631\u0643\u0629 \u062a\u062c\u0627\u0631\u0628 \u0627\u0644\u0645\u0647\u0627\u062c\u0631\u064a\u0646 \",\"publisher\":{\"@id\":\"https:\\\/\\\/qx1.org\\\/ar\\\/#organization\"},\"alternateName\":\"QX1 Marseille\",\"potentialAction\":[{\"@type\":\"SearchAction\",\"target\":{\"@type\":\"EntryPoint\",\"urlTemplate\":\"https:\\\/\\\/qx1.org\\\/ar\\\/?s={search_term_string}\"},\"query-input\":{\"@type\":\"PropertyValueSpecification\",\"valueRequired\":true,\"valueName\":\"search_term_string\"}}],\"inLanguage\":\"ar\"},{\"@type\":\"Organization\",\"@id\":\"https:\\\/\\\/qx1.org\\\/ar\\\/#organization\",\"name\":\"Association QX1 - Marseille\",\"url\":\"https:\\\/\\\/qx1.org\\\/ar\\\/\",\"logo\":{\"@type\":\"ImageObject\",\"inLanguage\":\"ar\",\"@id\":\"https:\\\/\\\/qx1.org\\\/ar\\\/#\\\/schema\\\/logo\\\/image\\\/\",\"url\":\"https:\\\/\\\/qx1.org\\\/wp-content\\\/uploads\\\/2024\\\/06\\\/cropped-QX1-Logo-Rond-Thumbnail.png\",\"contentUrl\":\"https:\\\/\\\/qx1.org\\\/wp-content\\\/uploads\\\/2024\\\/06\\\/cropped-QX1-Logo-Rond-Thumbnail.png\",\"width\":512,\"height\":512,\"caption\":\"Association QX1 - Marseille\"},\"image\":{\"@id\":\"https:\\\/\\\/qx1.org\\\/ar\\\/#\\\/schema\\\/logo\\\/image\\\/\"},\"sameAs\":[\"https:\\\/\\\/www.facebook.com\\\/qx1.marseille\\\/\"]}]}<\/script>\n<!-- \/ Yoast SEO plugin. -->","yoast_head_json":{"title":"Guide pratique pour les mineur.es \u00e9tranger.es \u00e0 Marseille - \u0645\u0631\u0633\u064a\u0644\u064a\u0627 - QX1 Welcome Map","robots":{"index":"index","follow":"follow","max-snippet":"max-snippet:-1","max-image-preview":"max-image-preview:large","max-video-preview":"max-video-preview:-1"},"canonical":"https:\/\/qx1.org\/ar\/guide-mineurs-etrangers\/","og_locale":"ar_AR","og_type":"article","og_title":"Guide pratique pour les mineur.es \u00e9tranger.es \u00e0 Marseille - \u0645\u0631\u0633\u064a\u0644\u064a\u0627 - QX1 Welcome Map","og_description":"Nouvelle brochure QX1, r\u00e9alis\u00e9e \u00e0 l&#8217;issue du cycle de formation &#8220;Les droits des mineurs migrants : De quoi parle-t-on concr\u00e8tement ?&#8221;, dans le cadre d&#8217;un partenariat avec Soliha. Le Guide pratique \u00e0 destination des mineur\u00b7es \u00e9tranger\u00b7es, de leurs familles et de leurs accompagnant\u00b7es est un r\u00e9pertoire &#8211; avec une carte en page centrale &#8211; des [&hellip;]","og_url":"https:\/\/qx1.org\/ar\/guide-mineurs-etrangers\/","og_site_name":"\u0645\u0631\u0633\u064a\u0644\u064a\u0627 - QX1 Welcome Map","article_publisher":"https:\/\/www.facebook.com\/qx1.marseille\/","article_modified_time":"2024-12-10T18:18:19+00:00","og_image":[{"width":1530,"height":493,"url":"https:\/\/qx1.org\/wp-content\/uploads\/2023\/05\/image.png","type":"image\/png"}],"twitter_card":"summary_large_image","twitter_misc":{"\u0648\u0642\u062a \u0627\u0644\u0642\u0631\u0627\u0621\u0629 \u0627\u0644\u0645\u064f\u0642\u062f\u0651\u0631":"\u062f\u0642\u064a\u0642\u062a\u0627\u0646"},"schema":{"@context":"https:\/\/schema.org","@graph":[{"@type":"WebPage","@id":"https:\/\/qx1.org\/ar\/guide-mineurs-etrangers\/","url":"https:\/\/qx1.org\/ar\/guide-mineurs-etrangers\/","name":"Guide pratique pour les mineur.es \u00e9tranger.es \u00e0 Marseille - \u0645\u0631\u0633\u064a\u0644\u064a\u0627 - QX1 Welcome Map","isPartOf":{"@id":"https:\/\/qx1.org\/ar\/#website"},"primaryImageOfPage":{"@id":"https:\/\/qx1.org\/ar\/guide-mineurs-etrangers\/#primaryimage"},"image":{"@id":"https:\/\/qx1.org\/ar\/guide-mineurs-etrangers\/#primaryimage"},"thumbnailUrl":"https:\/\/qx1.org\/wp-content\/uploads\/2023\/05\/image-1024x330.png","datePublished":"2023-05-23T16:49:52+00:00","dateModified":"2024-12-10T18:18:19+00:00","inLanguage":"ar","potentialAction":[{"@type":"ReadAction","target":["https:\/\/qx1.org\/ar\/guide-mineurs-etrangers\/"]}]},{"@type":"ImageObject","inLanguage":"ar","@id":"https:\/\/qx1.org\/ar\/guide-mineurs-etrangers\/#primaryimage","url":"https:\/\/qx1.org\/wp-content\/uploads\/2023\/05\/image-1024x330.png","contentUrl":"https:\/\/qx1.org\/wp-content\/uploads\/2023\/05\/image-1024x330.png"},{"@type":"WebSite","@id":"https:\/\/qx1.org\/ar\/#website","url":"https:\/\/qx1.org\/ar\/","name":"\u0645\u0631\u0633\u064a\u0644\u064a\u0627 - QX1 Welcome Map","description":"\u062a\u062c\u0645\u064a\u0639 \u0648\u0645\u0634\u0627\u0631\u0643\u0629 \u062a\u062c\u0627\u0631\u0628 \u0627\u0644\u0645\u0647\u0627\u062c\u0631\u064a\u0646 ","publisher":{"@id":"https:\/\/qx1.org\/ar\/#organization"},"alternateName":"QX1 Marseille","potentialAction":[{"@type":"SearchAction","target":{"@type":"EntryPoint","urlTemplate":"https:\/\/qx1.org\/ar\/?s={search_term_string}"},"query-input":{"@type":"PropertyValueSpecification","valueRequired":true,"valueName":"search_term_string"}}],"inLanguage":"ar"},{"@type":"Organization","@id":"https:\/\/qx1.org\/ar\/#organization","name":"Association QX1 - Marseille","url":"https:\/\/qx1.org\/ar\/","logo":{"@type":"ImageObject","inLanguage":"ar","@id":"https:\/\/qx1.org\/ar\/#\/schema\/logo\/image\/","url":"https:\/\/qx1.org\/wp-content\/uploads\/2024\/06\/cropped-QX1-Logo-Rond-Thumbnail.png","contentUrl":"https:\/\/qx1.org\/wp-content\/uploads\/2024\/06\/cropped-QX1-Logo-Rond-Thumbnail.png","width":512,"height":512,"caption":"Association QX1 - Marseille"},"image":{"@id":"https:\/\/qx1.org\/ar\/#\/schema\/logo\/image\/"},"sameAs":["https:\/\/www.facebook.com\/qx1.marseille\/"]}]}},"_links":{"self":[{"href":"https:\/\/qx1.org\/ar\/wp-json\/wp\/v2\/pages\/104741","targetHints":{"allow":["GET"]}}],"collection":[{"href":"https:\/\/qx1.org\/ar\/wp-json\/wp\/v2\/pages"}],"about":[{"href":"https:\/\/qx1.org\/ar\/wp-json\/wp\/v2\/types\/page"}],"author":[{"embeddable":true,"href":"https:\/\/qx1.org\/ar\/wp-json\/wp\/v2\/users\/8"}],"replies":[{"embeddable":true,"href":"https:\/\/qx1.org\/ar\/wp-json\/wp\/v2\/comments?post=104741"}],"version-history":[{"count":30,"href":"https:\/\/qx1.org\/ar\/wp-json\/wp\/v2\/pages\/104741\/revisions"}],"predecessor-version":[{"id":107430,"href":"https:\/\/qx1.org\/ar\/wp-json\/wp\/v2\/pages\/104741\/revisions\/107430"}],"wp:attachment":[{"href":"https:\/\/qx1.org\/ar\/wp-json\/wp\/v2\/media?parent=104741"}],"curies":[{"name":"wp","href":"https:\/\/api.w.org\/{rel}","templated":true}]}}